{"id":7180,"date":"2026-05-06T09:52:40","date_gmt":"2026-05-06T07:52:40","guid":{"rendered":"https:\/\/construccionscontreras1945.cat\/construccions-contreras-1945-rep-un-reconeixement-als-guardons-empresa-origen-garraf-2025\/"},"modified":"2026-05-06T10:45:09","modified_gmt":"2026-05-06T08:45:09","slug":"construccions-contreras-1945-rep-un-reconeixement-als-guardons-empresa-origen-garraf-2025","status":"publish","type":"page","link":"https:\/\/construccionscontreras1945.cat\/es\/construccions-contreras-1945-rep-un-reconeixement-als-guardons-empresa-origen-garraf-2025\/","title":{"rendered":"Construccions Contreras 1945 rep un reconeixement als Guardons Empresa Origen Garraf 2025"},"content":{"rendered":"\t\t<div data-elementor-type=\"wp-page\" data-elementor-id=\"7180\" class=\"elementor elementor-7180 elementor-7134\" data-elementor-post-type=\"page\">\n\t\t\t\t\t\t<section class=\"elementor-section elementor-top-section elementor-element elementor-element-d923fb6 elementor-section-boxed elementor-section-height-default elementor-section-height-default\" data-id=\"d923fb6\" data-element_type=\"section\">\n\t\t\t\t\t\t<div class=\"elementor-container elementor-column-gap-default\">\n\t\t\t\t\t<div class=\"elementor-column elementor-col-100 elementor-top-column elementor-element elementor-element-6a3daaf\" data-id=\"6a3daaf\" data-element_type=\"column\">\n\t\t\t<div class=\"elementor-widget-wrap elementor-element-populated\">\n\t\t\t\t\t\t<div class=\"elementor-element elementor-element-82fbc3d elementor-widget elementor-widget-heading\" data-id=\"82fbc3d\" data-element_type=\"widget\" data-widget_type=\"heading.default\">\n\t\t\t\t<div class=\"elementor-widget-container\">\n\t\t\t\t\t<h1 class=\"elementor-heading-title elementor-size-default\">Construccions Contreras 1945 rep un reconeixement als Guardons Empresa Origen Garraf 2025<\/h1>\t\t\t\t<\/div>\n\t\t\t\t<\/div>\n\t\t\t\t<div class=\"elementor-element elementor-element-8986dce elementor-widget elementor-widget-heading\" data-id=\"8986dce\" data-element_type=\"widget\" data-widget_type=\"heading.default\">\n\t\t\t\t<div class=\"elementor-widget-container\">\n\t\t\t\t\t<h3 class=\"elementor-heading-title elementor-size-default\">En el a\u00f1o de nuestro 80 aniversario, Construcciones Contreras 1945 ha sido reconocida en la edici\u00f3n 2025 de los Galardones Empresa Origen Garraf, una distinci\u00f3n que pone en valor la trayectoria, el arraigo y el compromiso de las empresas vinculadas a la comarca.<\/h3>\t\t\t\t<\/div>\n\t\t\t\t<\/div>\n\t\t\t\t<div class=\"elementor-element elementor-element-d2803c5 elementor-widget elementor-widget-text-editor\" data-id=\"d2803c5\" data-element_type=\"widget\" data-widget_type=\"text-editor.default\">\n\t\t\t\t<div class=\"elementor-widget-container\">\n\t\t\t\t\t\t\t\t\t<p>Construcciones Contreras 1945 ha recibido un reconocimiento en la edici\u00f3n 2025 de los Galardones Empresa Origen Garraf, entregados recientemente en un acto que reuni\u00f3 a varias empresas y entidades del territorio.<\/p><p>\u00a0<\/p><p>Este reconocimiento llega en un a\u00f1o especialmente significativo para nosotros: el de nuestro 80 aniversario. Desde 1945, somos una empresa familiar profundamente arraigada en la comarca del Garraf, con una trayectoria construida a lo largo de cuatro generaciones.<\/p><p>\u00a0<\/p><p>Actualmente, la cuarta generaci\u00f3n de la familia Contreras contin\u00faa al frente de la empresa iniciada con mucho esfuerzo por Alfred Contreras Herrera. Esta continuidad nos llena de orgullo y nos anima a seguir trabajando con la misma voluntad que nos ha definido desde sus inicios: ser una constructora comprometida, cercana y con capacidad de adaptaci\u00f3n a lo largo del tiempo.<\/p><p>\u00a0<\/p><p>A lo largo de nuestra historia hemos querido generar un impacto positivo en el entorno m\u00e1s cercano. Por eso, trabajamos mayoritariamente con proveedores y colaboradores locales y participamos activamente en el tejido econ\u00f3mico y social de la comarca.<\/p><p>\u00a0<\/p><p>Nuestra actividad se fundamenta en criterios de \u00e9tica y responsabilidad, tanto a nivel econ\u00f3mico como laboral, social y ambiental. Defendemos una forma de trabajar basada en unas condiciones dignas, una gesti\u00f3n responsable de los recursos y unas relaciones construidas desde la confianza y el respeto.<\/p><p>\u00a0<\/p><p>Este galard\u00f3n representa un reconocimiento a una forma de hacer que combina tradici\u00f3n, arraigo territorial y compromiso responsable. Tambi\u00e9n es un impulso para seguir construyendo, reformando y rehabilitando con la misma proximidad y responsabilidad que nos han acompa\u00f1ado en estos 80 a\u00f1os.<\/p>\t\t\t\t\t\t\t\t<\/div>\n\t\t\t\t<\/div>\n\t\t\t\t<div class=\"elementor-element elementor-element-98c0a53 elementor-widget elementor-widget-text-editor\" data-id=\"98c0a53\" data-element_type=\"widget\" data-widget_type=\"text-editor.default\">\n\t\t\t\t<div class=\"elementor-widget-container\">\n\t\t\t\t\t\t\t\t\t80 a\u00f1os de oficio, continuidad familiar y compromiso con el Garraf.\t\t\t\t\t\t\t\t<\/div>\n\t\t\t\t<\/div>\n\t\t\t\t<div class=\"elementor-element elementor-element-b7e5a09 elementor-widget elementor-widget-text-editor\" data-id=\"b7e5a09\" data-element_type=\"widget\" data-widget_type=\"text-editor.default\">\n\t\t\t\t<div class=\"elementor-widget-container\">\n\t\t\t\t\t\t\t\t\t<p>Queremos agradecer este reconocimiento y compartirlo con todas las personas, clientes, proveedores, colaboradores e instituciones que han formado parte del camino de Construccions Contreras 1945 a lo largo de estos 80 a\u00f1os.<\/p>\t\t\t\t\t\t\t\t<\/div>\n\t\t\t\t<\/div>\n\t\t\t\t<section class=\"elementor-section elementor-inner-section elementor-element elementor-element-e197190 elementor-section-boxed elementor-section-height-default elementor-section-height-default\" data-id=\"e197190\" data-element_type=\"section\">\n\t\t\t\t\t\t<div class=\"elementor-container elementor-column-gap-default\">\n\t\t\t\t\t<div class=\"elementor-column elementor-col-50 elementor-inner-column elementor-element elementor-element-c892624\" data-id=\"c892624\" data-element_type=\"column\">\n\t\t\t<div class=\"elementor-widget-wrap elementor-element-populated\">\n\t\t\t\t\t\t<div class=\"elementor-element elementor-element-9348ba9 elementor-widget elementor-widget-image\" data-id=\"9348ba9\" data-element_type=\"widget\" data-widget_type=\"image.default\">\n\t\t\t\t<div class=\"elementor-widget-container\">\n\t\t\t\t\t\t\t\t\t\t\t\t<figure class=\"wp-caption\">\n\t\t\t\t\t\t\t\t\t\t\t<a href=\"https:\/\/construccionscontreras1945.cat\/wp-content\/uploads\/construccionscontreras_premi2025.jpg\" data-elementor-open-lightbox=\"yes\" data-elementor-lightbox-title=\"construccionscontreras_premi2025\" data-e-action-hash=\"#elementor-action%3Aaction%3Dlightbox%26settings%3DeyJpZCI6NzE4MSwidXJsIjoiaHR0cHM6XC9cL2NvbnN0cnVjY2lvbnNjb250cmVyYXMxOTQ1LmNhdFwvd3AtY29udGVudFwvdXBsb2Fkc1wvY29uc3RydWNjaW9uc2NvbnRyZXJhc19wcmVtaTIwMjUuanBnIn0%3D\">\n\t\t\t\t\t\t\t<img fetchpriority=\"high\" decoding=\"async\" width=\"1024\" height=\"683\" src=\"https:\/\/construccionscontreras1945.cat\/wp-content\/uploads\/construccionscontreras_premi2025.jpg\" class=\"attachment-large size-large wp-image-7181\" alt=\"\" srcset=\"https:\/\/construccionscontreras1945.cat\/wp-content\/uploads\/construccionscontreras_premi2025.jpg 1024w, https:\/\/construccionscontreras1945.cat\/wp-content\/uploads\/construccionscontreras_premi2025-300x200.jpg 300w, https:\/\/construccionscontreras1945.cat\/wp-content\/uploads\/construccionscontreras_premi2025-768x512.jpg 768w\" sizes=\"(max-width: 1024px) 100vw, 1024px\" \/>\t\t\t\t\t\t\t\t<\/a>\n\t\t\t\t\t\t\t\t\t\t\t<figcaption class=\"widget-image-caption wp-caption-text\">Entrega del reconocimiento a Construcciones Contreras 1945 en el marco de los Galardones Empresa Origen Garraf 2025.<\/figcaption>\n\t\t\t\t\t\t\t\t\t\t<\/figure>\n\t\t\t\t\t\t\t\t\t<\/div>\n\t\t\t\t<\/div>\n\t\t\t\t\t<\/div>\n\t\t<\/div>\n\t\t\t\t<div class=\"elementor-column elementor-col-50 elementor-inner-column elementor-element elementor-element-f4097c5\" data-id=\"f4097c5\" data-element_type=\"column\">\n\t\t\t<div class=\"elementor-widget-wrap elementor-element-populated\">\n\t\t\t\t\t\t<div class=\"elementor-element elementor-element-63f76c2 elementor-widget elementor-widget-image\" data-id=\"63f76c2\" data-element_type=\"widget\" data-widget_type=\"image.default\">\n\t\t\t\t<div class=\"elementor-widget-container\">\n\t\t\t\t\t\t\t\t\t\t\t\t<figure class=\"wp-caption\">\n\t\t\t\t\t\t\t\t\t\t\t<a href=\"https:\/\/construccionscontreras1945.cat\/wp-content\/uploads\/construccionscontreras_premi2025_2.jpg\" data-elementor-open-lightbox=\"yes\" data-elementor-lightbox-title=\"construccionscontreras_premi2025_2\" data-e-action-hash=\"#elementor-action%3Aaction%3Dlightbox%26settings%3DeyJpZCI6NzE4MiwidXJsIjoiaHR0cHM6XC9cL2NvbnN0cnVjY2lvbnNjb250cmVyYXMxOTQ1LmNhdFwvd3AtY29udGVudFwvdXBsb2Fkc1wvY29uc3RydWNjaW9uc2NvbnRyZXJhc19wcmVtaTIwMjVfMi5qcGcifQ%3D%3D\">\n\t\t\t\t\t\t\t<img decoding=\"async\" width=\"1024\" height=\"683\" data-src=\"https:\/\/construccionscontreras1945.cat\/wp-content\/uploads\/construccionscontreras_premi2025_2.jpg\" class=\"attachment-large size-large wp-image-7182 lazyload\" alt=\"\" data-srcset=\"https:\/\/construccionscontreras1945.cat\/wp-content\/uploads\/construccionscontreras_premi2025_2.jpg 1024w, https:\/\/construccionscontreras1945.cat\/wp-content\/uploads\/construccionscontreras_premi2025_2-300x200.jpg 300w, https:\/\/construccionscontreras1945.cat\/wp-content\/uploads\/construccionscontreras_premi2025_2-768x512.jpg 768w\" data-sizes=\"(max-width: 1024px) 100vw, 1024px\" src=\"data:image\/svg+xml;base64,PHN2ZyB3aWR0aD0iMSIgaGVpZ2h0PSIxIiB4bWxucz0iaHR0cDovL3d3dy53My5vcmcvMjAwMC9zdmciPjwvc3ZnPg==\" style=\"--smush-placeholder-width: 1024px; --smush-placeholder-aspect-ratio: 1024\/683;\" \/>\t\t\t\t\t\t\t\t<\/a>\n\t\t\t\t\t\t\t\t\t\t\t<figcaption class=\"widget-image-caption wp-caption-text\">Empresas y entidades reconocidas en la edici\u00f3n 2025 de los Galardones Empresa Origen Garraf.<\/figcaption>\n\t\t\t\t\t\t\t\t\t\t<\/figure>\n\t\t\t\t\t\t\t\t\t<\/div>\n\t\t\t\t<\/div>\n\t\t\t\t\t<\/div>\n\t\t<\/div>\n\t\t\t\t\t<\/div>\n\t\t<\/section>\n\t\t\t\t\t<\/div>\n\t\t<\/div>\n\t\t\t\t\t<\/div>\n\t\t<\/section>\n\t\t\t\t<\/div>\n\t\t","protected":false},"excerpt":{"rendered":"<p>Construccions Contreras 1945 rep un reconeixement als Guardons Empresa Origen Garraf 2025 En el a\u00f1o de nuestro 80 aniversario, Construcciones Contreras 1945 ha sido reconocida en la edici\u00f3n 2025 de los Galardones Empresa Origen Garraf, una distinci\u00f3n que pone en valor la trayectoria, el arraigo y el compromiso de las empresas vinculadas a la comarca. [&hellip;]<\/p>\n","protected":false},"author":1,"featured_media":0,"parent":0,"menu_order":0,"comment_status":"closed","ping_status":"closed","template":"elementor_header_footer","meta":{"site-sidebar-layout":"no-sidebar","site-content-layout":"page-builder","ast-site-content-layout":"full-width-container","site-content-style":"unboxed","site-sidebar-style":"unboxed","ast-global-header-display":"","ast-banner-title-visibility":"","ast-main-header-display":"","ast-hfb-above-header-display":"","ast-hfb-below-header-display":"","ast-hfb-mobile-header-display":"","site-post-title":"disabled","ast-breadcrumbs-content":"","ast-featured-img":"disabled","footer-sml-layout":"","theme-transparent-header-meta":"default","adv-header-id-meta":"","stick-header-meta":"","header-above-stick-meta":"","header-main-stick-meta":"","header-below-stick-meta":"","astra-migrate-meta-layouts":"set","ast-page-background-enabled":"default","ast-page-background-meta":{"desktop":{"background-color":"","background-image":"","background-repeat":"repeat","background-position":"center center","background-size":"auto","background-attachment":"scroll","background-type":"","background-media":"","overlay-type":"","overlay-color":"","overlay-opacity":"","overlay-gradient":""},"tablet":{"background-color":"","background-image":"","background-repeat":"repeat","background-position":"center center","background-size":"auto","background-attachment":"scroll","background-type":"","background-media":"","overlay-type":"","overlay-color":"","overlay-opacity":"","overlay-gradient":""},"mobile":{"background-color":"","background-image":"","background-repeat":"repeat","background-position":"center center","background-size":"auto","background-attachment":"scroll","background-type":"","background-media":"","overlay-type":"","overlay-color":"","overlay-opacity":"","overlay-gradient":""}},"ast-content-background-meta":{"desktop":{"background-color":"var(--ast-global-color-5)","background-image":"","background-repeat":"repeat","background-position":"center center","background-size":"auto","background-attachment":"scroll","background-type":"","background-media":"","overlay-type":"","overlay-color":"","overlay-opacity":"","overlay-gradient":""},"tablet":{"background-color":"var(--ast-global-color-5)","background-image":"","background-repeat":"repeat","background-position":"center center","background-size":"auto","background-attachment":"scroll","background-type":"","background-media":"","overlay-type":"","overlay-color":"","overlay-opacity":"","overlay-gradient":""},"mobile":{"background-color":"var(--ast-global-color-5)","background-image":"","background-repeat":"repeat","background-position":"center center","background-size":"auto","background-attachment":"scroll","background-type":"","background-media":"","overlay-type":"","overlay-color":"","overlay-opacity":"","overlay-gradient":""}},"footnotes":""},"class_list":["post-7180","page","type-page","status-publish","hentry"],"yoast_head":"<!-- This site is optimized with the Yoast SEO plugin v26.4 - https:\/\/yoast.com\/wordpress\/plugins\/seo\/ -->\n<title>Construccions Contreras 1945 rep un reconeixement als Guardons Empresa Origen Garraf 2025 - Construccions Contreras<\/title>\n<meta name=\"robots\" content=\"index, follow, max-snippet:-1, max-image-preview:large, max-video-preview:-1\" \/>\n<link rel=\"canonical\" href=\"https:\/\/construccionscontreras1945.cat\/es\/construccions-contreras-1945-rep-un-reconeixement-als-guardons-empresa-origen-garraf-2025\/\" \/>\n<meta property=\"og:locale\" content=\"es_ES\" \/>\n<meta property=\"og:type\" content=\"article\" \/>\n<meta property=\"og:title\" content=\"Construccions Contreras 1945 rep un reconeixement als Guardons Empresa Origen Garraf 2025 - Construccions Contreras\" \/>\n<meta property=\"og:description\" content=\"Construccions Contreras 1945 rep un reconeixement als Guardons Empresa Origen Garraf 2025 En el a\u00f1o de nuestro 80 aniversario, Construcciones Contreras 1945 ha sido reconocida en la edici\u00f3n 2025 de los Galardones Empresa Origen Garraf, una distinci\u00f3n que pone en valor la trayectoria, el arraigo y el compromiso de las empresas vinculadas a la comarca. [&hellip;]\" \/>\n<meta property=\"og:url\" content=\"https:\/\/construccionscontreras1945.cat\/es\/construccions-contreras-1945-rep-un-reconeixement-als-guardons-empresa-origen-garraf-2025\/\" \/>\n<meta property=\"og:site_name\" content=\"Construccions Contreras\" \/>\n<meta property=\"article:modified_time\" content=\"2026-05-06T08:45:09+00:00\" \/>\n<meta property=\"og:image\" content=\"https:\/\/construccionscontreras1945.cat\/wp-content\/uploads\/construccionscontreras_premi2025.jpg\" \/>\n\t<meta property=\"og:image:width\" content=\"1024\" \/>\n\t<meta property=\"og:image:height\" content=\"683\" \/>\n\t<meta property=\"og:image:type\" content=\"image\/jpeg\" \/>\n<meta name=\"twitter:card\" content=\"summary_large_image\" \/>\n<meta name=\"twitter:label1\" content=\"Tiempo de lectura\" \/>\n\t<meta name=\"twitter:data1\" content=\"3 minutos\" \/>\n<script type=\"application\/ld+json\" class=\"yoast-schema-graph\">{\"@context\":\"https:\/\/schema.org\",\"@graph\":[{\"@type\":\"WebPage\",\"@id\":\"https:\/\/construccionscontreras1945.cat\/es\/construccions-contreras-1945-rep-un-reconeixement-als-guardons-empresa-origen-garraf-2025\/\",\"url\":\"https:\/\/construccionscontreras1945.cat\/es\/construccions-contreras-1945-rep-un-reconeixement-als-guardons-empresa-origen-garraf-2025\/\",\"name\":\"Construccions Contreras 1945 rep un reconeixement als Guardons Empresa Origen Garraf 2025 - Construccions Contreras\",\"isPartOf\":{\"@id\":\"https:\/\/construccionscontreras1945.cat\/es\/#website\"},\"primaryImageOfPage\":{\"@id\":\"https:\/\/construccionscontreras1945.cat\/es\/construccions-contreras-1945-rep-un-reconeixement-als-guardons-empresa-origen-garraf-2025\/#primaryimage\"},\"image\":{\"@id\":\"https:\/\/construccionscontreras1945.cat\/es\/construccions-contreras-1945-rep-un-reconeixement-als-guardons-empresa-origen-garraf-2025\/#primaryimage\"},\"thumbnailUrl\":\"https:\/\/construccionscontreras1945.cat\/wp-content\/uploads\/construccionscontreras_premi2025.jpg\",\"datePublished\":\"2026-05-06T07:52:40+00:00\",\"dateModified\":\"2026-05-06T08:45:09+00:00\",\"breadcrumb\":{\"@id\":\"https:\/\/construccionscontreras1945.cat\/es\/construccions-contreras-1945-rep-un-reconeixement-als-guardons-empresa-origen-garraf-2025\/#breadcrumb\"},\"inLanguage\":\"es\",\"potentialAction\":[{\"@type\":\"ReadAction\",\"target\":[\"https:\/\/construccionscontreras1945.cat\/es\/construccions-contreras-1945-rep-un-reconeixement-als-guardons-empresa-origen-garraf-2025\/\"]}]},{\"@type\":\"ImageObject\",\"inLanguage\":\"es\",\"@id\":\"https:\/\/construccionscontreras1945.cat\/es\/construccions-contreras-1945-rep-un-reconeixement-als-guardons-empresa-origen-garraf-2025\/#primaryimage\",\"url\":\"https:\/\/construccionscontreras1945.cat\/wp-content\/uploads\/construccionscontreras_premi2025.jpg\",\"contentUrl\":\"https:\/\/construccionscontreras1945.cat\/wp-content\/uploads\/construccionscontreras_premi2025.jpg\"},{\"@type\":\"BreadcrumbList\",\"@id\":\"https:\/\/construccionscontreras1945.cat\/es\/construccions-contreras-1945-rep-un-reconeixement-als-guardons-empresa-origen-garraf-2025\/#breadcrumb\",\"itemListElement\":[{\"@type\":\"ListItem\",\"position\":1,\"name\":\"Inici\",\"item\":\"https:\/\/construccionscontreras1945.cat\/es\/\"},{\"@type\":\"ListItem\",\"position\":2,\"name\":\"Construccions Contreras 1945 rep un reconeixement als Guardons Empresa Origen Garraf 2025\"}]},{\"@type\":\"WebSite\",\"@id\":\"https:\/\/construccionscontreras1945.cat\/es\/#website\",\"url\":\"https:\/\/construccionscontreras1945.cat\/es\/\",\"name\":\"Construccions Contreras\",\"description\":\"Construccions i Reformes des de 1945\",\"potentialAction\":[{\"@type\":\"SearchAction\",\"target\":{\"@type\":\"EntryPoint\",\"urlTemplate\":\"https:\/\/construccionscontreras1945.cat\/es\/?s={search_term_string}\"},\"query-input\":{\"@type\":\"PropertyValueSpecification\",\"valueRequired\":true,\"valueName\":\"search_term_string\"}}],\"inLanguage\":\"es\"}]}<\/script>\n<!-- \/ Yoast SEO plugin. -->","yoast_head_json":{"title":"Construccions Contreras 1945 rep un reconeixement als Guardons Empresa Origen Garraf 2025 - Construccions Contreras","robots":{"index":"index","follow":"follow","max-snippet":"max-snippet:-1","max-image-preview":"max-image-preview:large","max-video-preview":"max-video-preview:-1"},"canonical":"https:\/\/construccionscontreras1945.cat\/es\/construccions-contreras-1945-rep-un-reconeixement-als-guardons-empresa-origen-garraf-2025\/","og_locale":"es_ES","og_type":"article","og_title":"Construccions Contreras 1945 rep un reconeixement als Guardons Empresa Origen Garraf 2025 - Construccions Contreras","og_description":"Construccions Contreras 1945 rep un reconeixement als Guardons Empresa Origen Garraf 2025 En el a\u00f1o de nuestro 80 aniversario, Construcciones Contreras 1945 ha sido reconocida en la edici\u00f3n 2025 de los Galardones Empresa Origen Garraf, una distinci\u00f3n que pone en valor la trayectoria, el arraigo y el compromiso de las empresas vinculadas a la comarca. [&hellip;]","og_url":"https:\/\/construccionscontreras1945.cat\/es\/construccions-contreras-1945-rep-un-reconeixement-als-guardons-empresa-origen-garraf-2025\/","og_site_name":"Construccions Contreras","article_modified_time":"2026-05-06T08:45:09+00:00","og_image":[{"width":1024,"height":683,"url":"https:\/\/construccionscontreras1945.cat\/wp-content\/uploads\/construccionscontreras_premi2025.jpg","type":"image\/jpeg"}],"twitter_card":"summary_large_image","twitter_misc":{"Tiempo de lectura":"3 minutos"},"schema":{"@context":"https:\/\/schema.org","@graph":[{"@type":"WebPage","@id":"https:\/\/construccionscontreras1945.cat\/es\/construccions-contreras-1945-rep-un-reconeixement-als-guardons-empresa-origen-garraf-2025\/","url":"https:\/\/construccionscontreras1945.cat\/es\/construccions-contreras-1945-rep-un-reconeixement-als-guardons-empresa-origen-garraf-2025\/","name":"Construccions Contreras 1945 rep un reconeixement als Guardons Empresa Origen Garraf 2025 - Construccions Contreras","isPartOf":{"@id":"https:\/\/construccionscontreras1945.cat\/es\/#website"},"primaryImageOfPage":{"@id":"https:\/\/construccionscontreras1945.cat\/es\/construccions-contreras-1945-rep-un-reconeixement-als-guardons-empresa-origen-garraf-2025\/#primaryimage"},"image":{"@id":"https:\/\/construccionscontreras1945.cat\/es\/construccions-contreras-1945-rep-un-reconeixement-als-guardons-empresa-origen-garraf-2025\/#primaryimage"},"thumbnailUrl":"https:\/\/construccionscontreras1945.cat\/wp-content\/uploads\/construccionscontreras_premi2025.jpg","datePublished":"2026-05-06T07:52:40+00:00","dateModified":"2026-05-06T08:45:09+00:00","breadcrumb":{"@id":"https:\/\/construccionscontreras1945.cat\/es\/construccions-contreras-1945-rep-un-reconeixement-als-guardons-empresa-origen-garraf-2025\/#breadcrumb"},"inLanguage":"es","potentialAction":[{"@type":"ReadAction","target":["https:\/\/construccionscontreras1945.cat\/es\/construccions-contreras-1945-rep-un-reconeixement-als-guardons-empresa-origen-garraf-2025\/"]}]},{"@type":"ImageObject","inLanguage":"es","@id":"https:\/\/construccionscontreras1945.cat\/es\/construccions-contreras-1945-rep-un-reconeixement-als-guardons-empresa-origen-garraf-2025\/#primaryimage","url":"https:\/\/construccionscontreras1945.cat\/wp-content\/uploads\/construccionscontreras_premi2025.jpg","contentUrl":"https:\/\/construccionscontreras1945.cat\/wp-content\/uploads\/construccionscontreras_premi2025.jpg"},{"@type":"BreadcrumbList","@id":"https:\/\/construccionscontreras1945.cat\/es\/construccions-contreras-1945-rep-un-reconeixement-als-guardons-empresa-origen-garraf-2025\/#breadcrumb","itemListElement":[{"@type":"ListItem","position":1,"name":"Inici","item":"https:\/\/construccionscontreras1945.cat\/es\/"},{"@type":"ListItem","position":2,"name":"Construccions Contreras 1945 rep un reconeixement als Guardons Empresa Origen Garraf 2025"}]},{"@type":"WebSite","@id":"https:\/\/construccionscontreras1945.cat\/es\/#website","url":"https:\/\/construccionscontreras1945.cat\/es\/","name":"Construccions Contreras","description":"Construccions i Reformes des de 1945","potentialAction":[{"@type":"SearchAction","target":{"@type":"EntryPoint","urlTemplate":"https:\/\/construccionscontreras1945.cat\/es\/?s={search_term_string}"},"query-input":{"@type":"PropertyValueSpecification","valueRequired":true,"valueName":"search_term_string"}}],"inLanguage":"es"}]}},"_links":{"self":[{"href":"https:\/\/construccionscontreras1945.cat\/es\/wp-json\/wp\/v2\/pages\/7180","targetHints":{"allow":["GET"]}}],"collection":[{"href":"https:\/\/construccionscontreras1945.cat\/es\/wp-json\/wp\/v2\/pages"}],"about":[{"href":"https:\/\/construccionscontreras1945.cat\/es\/wp-json\/wp\/v2\/types\/page"}],"author":[{"embeddable":true,"href":"https:\/\/construccionscontreras1945.cat\/es\/wp-json\/wp\/v2\/users\/1"}],"replies":[{"embeddable":true,"href":"https:\/\/construccionscontreras1945.cat\/es\/wp-json\/wp\/v2\/comments?post=7180"}],"version-history":[{"count":0,"href":"https:\/\/construccionscontreras1945.cat\/es\/wp-json\/wp\/v2\/pages\/7180\/revisions"}],"wp:attachment":[{"href":"https:\/\/construccionscontreras1945.cat\/es\/wp-json\/wp\/v2\/media?parent=7180"}],"curies":[{"name":"wp","href":"https:\/\/api.w.org\/{rel}","templated":true}]}}