{"id":6752,"date":"2025-11-20T17:24:22","date_gmt":"2025-11-20T15:24:22","guid":{"rendered":"https:\/\/construccionscontreras1945.cat\/algunas-obras-realizadas\/rehabilitaciones-varias\/escola-el-cim\/"},"modified":"2025-12-02T13:32:25","modified_gmt":"2025-12-02T11:32:25","slug":"escola-el-cim","status":"publish","type":"page","link":"https:\/\/construccionscontreras1945.cat\/es\/algunas-obras-realizadas\/rehabilitaciones-varias\/escola-el-cim\/","title":{"rendered":"Escola El Cim"},"content":{"rendered":"\t\t<div data-elementor-type=\"wp-page\" data-elementor-id=\"6752\" class=\"elementor elementor-6752 elementor-6146\" data-elementor-post-type=\"page\">\n\t\t\t\t\t\t<section class=\"elementor-section elementor-top-section elementor-element elementor-element-fadc603 elementor-section-boxed elementor-section-height-default elementor-section-height-default\" data-id=\"fadc603\" data-element_type=\"section\">\n\t\t\t\t\t\t\t<div class=\"elementor-background-overlay\"><\/div>\n\t\t\t\t\t\t\t<div class=\"elementor-container elementor-column-gap-default\">\n\t\t\t\t\t<div class=\"elementor-column elementor-col-100 elementor-top-column elementor-element elementor-element-79dfbfd\" data-id=\"79dfbfd\" data-element_type=\"column\">\n\t\t\t<div class=\"elementor-widget-wrap elementor-element-populated\">\n\t\t\t\t\t\t<div class=\"elementor-element elementor-element-e5b30fb elementor-widget elementor-widget-heading\" data-id=\"e5b30fb\" data-element_type=\"widget\" data-widget_type=\"heading.default\">\n\t\t\t\t<div class=\"elementor-widget-container\">\n\t\t\t\t\t<h1 class=\"elementor-heading-title elementor-size-default\">Rehabilitaciones varias\n<\/h1>\t\t\t\t<\/div>\n\t\t\t\t<\/div>\n\t\t\t\t\t<\/div>\n\t\t<\/div>\n\t\t\t\t\t<\/div>\n\t\t<\/section>\n\t\t\t\t<section class=\"elementor-section elementor-top-section elementor-element elementor-element-d278c6a elementor-section-boxed elementor-section-height-default elementor-section-height-default\" data-id=\"d278c6a\" data-element_type=\"section\">\n\t\t\t\t\t\t<div class=\"elementor-container elementor-column-gap-default\">\n\t\t\t\t\t<div class=\"elementor-column elementor-col-100 elementor-top-column elementor-element elementor-element-0b269fa\" data-id=\"0b269fa\" data-element_type=\"column\">\n\t\t\t<div class=\"elementor-widget-wrap elementor-element-populated\">\n\t\t\t\t\t\t<div class=\"elementor-element elementor-element-35ae5ca elementor-widget elementor-widget-spacer\" data-id=\"35ae5ca\" data-element_type=\"widget\" data-widget_type=\"spacer.default\">\n\t\t\t\t<div class=\"elementor-widget-container\">\n\t\t\t\t\t\t\t<div class=\"elementor-spacer\">\n\t\t\t<div class=\"elementor-spacer-inner\"><\/div>\n\t\t<\/div>\n\t\t\t\t\t\t<\/div>\n\t\t\t\t<\/div>\n\t\t\t\t<div class=\"elementor-element elementor-element-39791bc elementor-widget elementor-widget-heading\" data-id=\"39791bc\" data-element_type=\"widget\" data-widget_type=\"heading.default\">\n\t\t\t\t<div class=\"elementor-widget-container\">\n\t\t\t\t\t<h2 class=\"elementor-heading-title elementor-size-default\">Rehabilitaci\u00f3n de la fachada principal edificio Escola El Cim<\/h2>\t\t\t\t<\/div>\n\t\t\t\t<\/div>\n\t\t\t\t<div class=\"elementor-element elementor-element-c83177f elementor-widget elementor-widget-spacer\" data-id=\"c83177f\" data-element_type=\"widget\" data-widget_type=\"spacer.default\">\n\t\t\t\t<div class=\"elementor-widget-container\">\n\t\t\t\t\t\t\t<div class=\"elementor-spacer\">\n\t\t\t<div class=\"elementor-spacer-inner\"><\/div>\n\t\t<\/div>\n\t\t\t\t\t\t<\/div>\n\t\t\t\t<\/div>\n\t\t\t\t\t<\/div>\n\t\t<\/div>\n\t\t\t\t\t<\/div>\n\t\t<\/section>\n\t\t\t\t<section class=\"elementor-section elementor-top-section elementor-element elementor-element-0673e83 elementor-section-boxed elementor-section-height-default elementor-section-height-default\" data-id=\"0673e83\" data-element_type=\"section\">\n\t\t\t\t\t\t<div class=\"elementor-container elementor-column-gap-default\">\n\t\t\t\t\t<div class=\"elementor-column elementor-col-100 elementor-top-column elementor-element elementor-element-9bf278f\" data-id=\"9bf278f\" data-element_type=\"column\">\n\t\t\t<div class=\"elementor-widget-wrap elementor-element-populated\">\n\t\t\t\t\t\t<div class=\"elementor-element elementor-element-0e14372 elementor-widget elementor-widget-gallery\" data-id=\"0e14372\" data-element_type=\"widget\" data-settings=\"{&quot;gallery_layout&quot;:&quot;masonry&quot;,&quot;columns&quot;:3,&quot;overlay_description&quot;:&quot;title&quot;,&quot;gap&quot;:{&quot;unit&quot;:&quot;px&quot;,&quot;size&quot;:30,&quot;sizes&quot;:[]},&quot;lazyload&quot;:&quot;yes&quot;,&quot;columns_tablet&quot;:2,&quot;columns_mobile&quot;:1,&quot;gap_tablet&quot;:{&quot;unit&quot;:&quot;px&quot;,&quot;size&quot;:10,&quot;sizes&quot;:[]},&quot;gap_mobile&quot;:{&quot;unit&quot;:&quot;px&quot;,&quot;size&quot;:10,&quot;sizes&quot;:[]},&quot;link_to&quot;:&quot;file&quot;,&quot;overlay_background&quot;:&quot;yes&quot;,&quot;content_hover_animation&quot;:&quot;fade-in&quot;}\" data-widget_type=\"gallery.default\">\n\t\t\t\t<div class=\"elementor-widget-container\">\n\t\t\t\t\t\t\t<div class=\"elementor-gallery__container\">\n\t\t\t\t\t\t\t<a class=\"e-gallery-item elementor-gallery-item elementor-animated-content\" href=\"https:\/\/construccionscontreras1945.cat\/wp-content\/uploads\/construccions-contreras-1945_cim-1.jpg\" data-elementor-open-lightbox=\"yes\" data-elementor-lightbox-slideshow=\"0e14372\" data-elementor-lightbox-title=\"Rehabilitaci\u00f3 de la fa\u00e7ana principal edifici Escola El Cim de Vilanova i la Geltr\u00fa\" data-e-action-hash=\"#elementor-action%3Aaction%3Dlightbox%26settings%3DeyJpZCI6Njc1MywidXJsIjoiaHR0cHM6XC9cL2NvbnN0cnVjY2lvbnNjb250cmVyYXMxOTQ1LmNhdFwvd3AtY29udGVudFwvdXBsb2Fkc1wvY29uc3RydWNjaW9ucy1jb250cmVyYXMtMTk0NV9jaW0tMS5qcGciLCJzbGlkZXNob3ciOiIwZTE0MzcyIn0%3D\">\n\t\t\t\t\t<div class=\"e-gallery-image elementor-gallery-item__image\" data-thumbnail=\"https:\/\/construccionscontreras1945.cat\/wp-content\/uploads\/construccions-contreras-1945_cim-1.jpg\" data-width=\"700\" data-height=\"1479\" aria-label=\"\" role=\"img\" ><\/div>\n\t\t\t\t\t\t\t\t\t\t\t<div class=\"elementor-gallery-item__overlay\"><\/div>\n\t\t\t\t\t\t\t\t\t\t\t\t\t\t\t<div class=\"elementor-gallery-item__content\">\n\t\t\t\t\t\t\t\t\t\t\t\t\t\t<div class=\"elementor-gallery-item__description\">\n\t\t\t\t\t\t\t\t\t\t\t\t\t\t\t\t\t\tRehabilitaci\u00f3 de la fa\u00e7ana principal edifici Escola El Cim de Vilanova i la Geltr\u00fa\t\t\t\t\t\t\t\t<\/div>\n\t\t\t\t\t\t\t\t\t\t\t\t<\/div>\n\t\t\t\t\t\t\t\t\t<\/a>\n\t\t\t\t\t\t\t<a class=\"e-gallery-item elementor-gallery-item elementor-animated-content\" href=\"https:\/\/construccionscontreras1945.cat\/wp-content\/uploads\/construccions-contreras-1945_cim-3.jpg\" data-elementor-open-lightbox=\"yes\" data-elementor-lightbox-slideshow=\"0e14372\" data-elementor-lightbox-title=\"Rehabilitaci\u00f3 de la fa\u00e7ana principal edifici Escola El Cim de Vilanova i la Geltr\u00fa\" data-e-action-hash=\"#elementor-action%3Aaction%3Dlightbox%26settings%3DeyJpZCI6Njc1NCwidXJsIjoiaHR0cHM6XC9cL2NvbnN0cnVjY2lvbnNjb250cmVyYXMxOTQ1LmNhdFwvd3AtY29udGVudFwvdXBsb2Fkc1wvY29uc3RydWNjaW9ucy1jb250cmVyYXMtMTk0NV9jaW0tMy5qcGciLCJzbGlkZXNob3ciOiIwZTE0MzcyIn0%3D\">\n\t\t\t\t\t<div class=\"e-gallery-image elementor-gallery-item__image\" data-thumbnail=\"https:\/\/construccionscontreras1945.cat\/wp-content\/uploads\/construccions-contreras-1945_cim-3.jpg\" data-width=\"700\" data-height=\"1479\" aria-label=\"\" role=\"img\" ><\/div>\n\t\t\t\t\t\t\t\t\t\t\t<div class=\"elementor-gallery-item__overlay\"><\/div>\n\t\t\t\t\t\t\t\t\t\t\t\t\t\t\t<div class=\"elementor-gallery-item__content\">\n\t\t\t\t\t\t\t\t\t\t\t\t\t\t<div class=\"elementor-gallery-item__description\">\n\t\t\t\t\t\t\t\t\t\t\t\t\t\t\t\t\t\tRehabilitaci\u00f3 de la fa\u00e7ana principal edifici Escola El Cim de Vilanova i la Geltr\u00fa\t\t\t\t\t\t\t\t<\/div>\n\t\t\t\t\t\t\t\t\t\t\t\t<\/div>\n\t\t\t\t\t\t\t\t\t<\/a>\n\t\t\t\t\t\t\t<a class=\"e-gallery-item elementor-gallery-item elementor-animated-content\" href=\"https:\/\/construccionscontreras1945.cat\/wp-content\/uploads\/construccions-contreras-1945_cim-2.jpg\" data-elementor-open-lightbox=\"yes\" data-elementor-lightbox-slideshow=\"0e14372\" data-elementor-lightbox-title=\"Rehabilitaci\u00f3 de la fa\u00e7ana principal edifici Escola El Cim de Vilanova i la Geltr\u00fa\" data-e-action-hash=\"#elementor-action%3Aaction%3Dlightbox%26settings%3DeyJpZCI6Njc1NSwidXJsIjoiaHR0cHM6XC9cL2NvbnN0cnVjY2lvbnNjb250cmVyYXMxOTQ1LmNhdFwvd3AtY29udGVudFwvdXBsb2Fkc1wvY29uc3RydWNjaW9ucy1jb250cmVyYXMtMTk0NV9jaW0tMi5qcGciLCJzbGlkZXNob3ciOiIwZTE0MzcyIn0%3D\">\n\t\t\t\t\t<div class=\"e-gallery-image elementor-gallery-item__image\" data-thumbnail=\"https:\/\/construccionscontreras1945.cat\/wp-content\/uploads\/construccions-contreras-1945_cim-2.jpg\" data-width=\"700\" data-height=\"1479\" aria-label=\"\" role=\"img\" ><\/div>\n\t\t\t\t\t\t\t\t\t\t\t<div class=\"elementor-gallery-item__overlay\"><\/div>\n\t\t\t\t\t\t\t\t\t\t\t\t\t\t\t<div class=\"elementor-gallery-item__content\">\n\t\t\t\t\t\t\t\t\t\t\t\t\t\t<div class=\"elementor-gallery-item__description\">\n\t\t\t\t\t\t\t\t\t\t\t\t\t\t\t\t\t\tRehabilitaci\u00f3 de la fa\u00e7ana principal edifici Escola El Cim de Vilanova i la Geltr\u00fa\t\t\t\t\t\t\t\t<\/div>\n\t\t\t\t\t\t\t\t\t\t\t\t<\/div>\n\t\t\t\t\t\t\t\t\t<\/a>\n\t\t\t\t\t<\/div>\n\t\t\t\t\t<\/div>\n\t\t\t\t<\/div>\n\t\t\t\t\t<\/div>\n\t\t<\/div>\n\t\t\t\t\t<\/div>\n\t\t<\/section>\n\t\t\t\t<\/div>\n\t\t","protected":false},"excerpt":{"rendered":"<p>Rehabilitaciones varias Rehabilitaci\u00f3n de la fachada principal edificio Escola El Cim Rehabilitaci\u00f3n de la fachada principal edificio Escola El Cim Rehabilitaci\u00f3n de la fachada principal edificio Escola El Cim Rehabilitaci\u00f3n de la fachada principal edificio Escola El Cim<\/p>\n","protected":false},"author":1,"featured_media":0,"parent":3508,"menu_order":0,"comment_status":"closed","ping_status":"closed","template":"elementor_header_footer","meta":{"site-sidebar-layout":"no-sidebar","site-content-layout":"page-builder","ast-site-content-layout":"full-width-container","site-content-style":"unboxed","site-sidebar-style":"unboxed","ast-global-header-display":"","ast-banner-title-visibility":"","ast-main-header-display":"","ast-hfb-above-header-display":"","ast-hfb-below-header-display":"","ast-hfb-mobile-header-display":"","site-post-title":"disabled","ast-breadcrumbs-content":"","ast-featured-img":"disabled","footer-sml-layout":"","theme-transparent-header-meta":"default","adv-header-id-meta":"","stick-header-meta":"","header-above-stick-meta":"","header-main-stick-meta":"","header-below-stick-meta":"","astra-migrate-meta-layouts":"default","ast-page-background-enabled":"default","ast-page-background-meta":{"desktop":{"background-color":"","background-image":"","background-repeat":"repeat","background-position":"center center","background-size":"auto","background-attachment":"scroll","background-type":"","background-media":"","overlay-type":"","overlay-color":"","overlay-opacity":"","overlay-gradient":""},"tablet":{"background-color":"","background-image":"","background-repeat":"repeat","background-position":"center center","background-size":"auto","background-attachment":"scroll","background-type":"","background-media":"","overlay-type":"","overlay-color":"","overlay-opacity":"","overlay-gradient":""},"mobile":{"background-color":"","background-image":"","background-repeat":"repeat","background-position":"center center","background-size":"auto","background-attachment":"scroll","background-type":"","background-media":"","overlay-type":"","overlay-color":"","overlay-opacity":"","overlay-gradient":""}},"ast-content-background-meta":{"desktop":{"background-color":"var(--ast-global-color-5)","background-image":"","background-repeat":"repeat","background-position":"center center","background-size":"auto","background-attachment":"scroll","background-type":"","background-media":"","overlay-type":"","overlay-color":"","overlay-opacity":"","overlay-gradient":""},"tablet":{"background-color":"var(--ast-global-color-5)","background-image":"","background-repeat":"repeat","background-position":"center center","background-size":"auto","background-attachment":"scroll","background-type":"","background-media":"","overlay-type":"","overlay-color":"","overlay-opacity":"","overlay-gradient":""},"mobile":{"background-color":"var(--ast-global-color-5)","background-image":"","background-repeat":"repeat","background-position":"center center","background-size":"auto","background-attachment":"scroll","background-type":"","background-media":"","overlay-type":"","overlay-color":"","overlay-opacity":"","overlay-gradient":""}},"footnotes":""},"class_list":["post-6752","page","type-page","status-publish","hentry"],"yoast_head":"<!-- This site is optimized with the Yoast SEO plugin v26.4 - https:\/\/yoast.com\/wordpress\/plugins\/seo\/ -->\n<title>Escola El Cim - Construccions Contreras<\/title>\n<meta name=\"robots\" content=\"index, follow, max-snippet:-1, max-image-preview:large, max-video-preview:-1\" \/>\n<link rel=\"canonical\" href=\"https:\/\/construccionscontreras1945.cat\/es\/algunas-obras-realizadas\/rehabilitaciones-varias\/escola-el-cim\/\" \/>\n<meta property=\"og:locale\" content=\"es_ES\" \/>\n<meta property=\"og:type\" content=\"article\" \/>\n<meta property=\"og:title\" content=\"Escola El Cim - Construccions Contreras\" \/>\n<meta property=\"og:description\" content=\"Rehabilitaciones varias Rehabilitaci\u00f3n de la fachada principal edificio Escola El Cim Rehabilitaci\u00f3n de la fachada principal edificio Escola El Cim Rehabilitaci\u00f3n de la fachada principal edificio Escola El Cim Rehabilitaci\u00f3n de la fachada principal edificio Escola El Cim\" \/>\n<meta property=\"og:url\" content=\"https:\/\/construccionscontreras1945.cat\/es\/algunas-obras-realizadas\/rehabilitaciones-varias\/escola-el-cim\/\" \/>\n<meta property=\"og:site_name\" content=\"Construccions Contreras\" \/>\n<meta property=\"article:modified_time\" content=\"2025-12-02T11:32:25+00:00\" \/>\n<meta name=\"twitter:card\" content=\"summary_large_image\" \/>\n<meta name=\"twitter:label1\" content=\"Tiempo de lectura\" \/>\n\t<meta name=\"twitter:data1\" content=\"1 minuto\" \/>\n<script type=\"application\/ld+json\" class=\"yoast-schema-graph\">{\"@context\":\"https:\/\/schema.org\",\"@graph\":[{\"@type\":\"WebPage\",\"@id\":\"https:\/\/construccionscontreras1945.cat\/es\/algunas-obras-realizadas\/rehabilitaciones-varias\/escola-el-cim\/\",\"url\":\"https:\/\/construccionscontreras1945.cat\/es\/algunas-obras-realizadas\/rehabilitaciones-varias\/escola-el-cim\/\",\"name\":\"Escola El Cim - Construccions Contreras\",\"isPartOf\":{\"@id\":\"https:\/\/construccionscontreras1945.cat\/es\/#website\"},\"datePublished\":\"2025-11-20T15:24:22+00:00\",\"dateModified\":\"2025-12-02T11:32:25+00:00\",\"breadcrumb\":{\"@id\":\"https:\/\/construccionscontreras1945.cat\/es\/algunas-obras-realizadas\/rehabilitaciones-varias\/escola-el-cim\/#breadcrumb\"},\"inLanguage\":\"es\",\"potentialAction\":[{\"@type\":\"ReadAction\",\"target\":[\"https:\/\/construccionscontreras1945.cat\/es\/algunas-obras-realizadas\/rehabilitaciones-varias\/escola-el-cim\/\"]}]},{\"@type\":\"BreadcrumbList\",\"@id\":\"https:\/\/construccionscontreras1945.cat\/es\/algunas-obras-realizadas\/rehabilitaciones-varias\/escola-el-cim\/#breadcrumb\",\"itemListElement\":[{\"@type\":\"ListItem\",\"position\":1,\"name\":\"Inici\",\"item\":\"https:\/\/construccionscontreras1945.cat\/es\/\"},{\"@type\":\"ListItem\",\"position\":2,\"name\":\"Algunas obras realizadas\",\"item\":\"https:\/\/construccionscontreras1945.cat\/es\/algunes-obres-realitzades\/\"},{\"@type\":\"ListItem\",\"position\":3,\"name\":\"Rehabilitaciones varias\",\"item\":\"https:\/\/construccionscontreras1945.cat\/es\/some-works-done\/rehabilitacions-diverses\/\"},{\"@type\":\"ListItem\",\"position\":4,\"name\":\"Escola El Cim\"}]},{\"@type\":\"WebSite\",\"@id\":\"https:\/\/construccionscontreras1945.cat\/es\/#website\",\"url\":\"https:\/\/construccionscontreras1945.cat\/es\/\",\"name\":\"Construccions Contreras\",\"description\":\"Construccions i Reformes des de 1945\",\"potentialAction\":[{\"@type\":\"SearchAction\",\"target\":{\"@type\":\"EntryPoint\",\"urlTemplate\":\"https:\/\/construccionscontreras1945.cat\/es\/?s={search_term_string}\"},\"query-input\":{\"@type\":\"PropertyValueSpecification\",\"valueRequired\":true,\"valueName\":\"search_term_string\"}}],\"inLanguage\":\"es\"}]}<\/script>\n<!-- \/ Yoast SEO plugin. -->","yoast_head_json":{"title":"Escola El Cim - Construccions Contreras","robots":{"index":"index","follow":"follow","max-snippet":"max-snippet:-1","max-image-preview":"max-image-preview:large","max-video-preview":"max-video-preview:-1"},"canonical":"https:\/\/construccionscontreras1945.cat\/es\/algunas-obras-realizadas\/rehabilitaciones-varias\/escola-el-cim\/","og_locale":"es_ES","og_type":"article","og_title":"Escola El Cim - Construccions Contreras","og_description":"Rehabilitaciones varias Rehabilitaci\u00f3n de la fachada principal edificio Escola El Cim Rehabilitaci\u00f3n de la fachada principal edificio Escola El Cim Rehabilitaci\u00f3n de la fachada principal edificio Escola El Cim Rehabilitaci\u00f3n de la fachada principal edificio Escola El Cim","og_url":"https:\/\/construccionscontreras1945.cat\/es\/algunas-obras-realizadas\/rehabilitaciones-varias\/escola-el-cim\/","og_site_name":"Construccions Contreras","article_modified_time":"2025-12-02T11:32:25+00:00","twitter_card":"summary_large_image","twitter_misc":{"Tiempo de lectura":"1 minuto"},"schema":{"@context":"https:\/\/schema.org","@graph":[{"@type":"WebPage","@id":"https:\/\/construccionscontreras1945.cat\/es\/algunas-obras-realizadas\/rehabilitaciones-varias\/escola-el-cim\/","url":"https:\/\/construccionscontreras1945.cat\/es\/algunas-obras-realizadas\/rehabilitaciones-varias\/escola-el-cim\/","name":"Escola El Cim - Construccions Contreras","isPartOf":{"@id":"https:\/\/construccionscontreras1945.cat\/es\/#website"},"datePublished":"2025-11-20T15:24:22+00:00","dateModified":"2025-12-02T11:32:25+00:00","breadcrumb":{"@id":"https:\/\/construccionscontreras1945.cat\/es\/algunas-obras-realizadas\/rehabilitaciones-varias\/escola-el-cim\/#breadcrumb"},"inLanguage":"es","potentialAction":[{"@type":"ReadAction","target":["https:\/\/construccionscontreras1945.cat\/es\/algunas-obras-realizadas\/rehabilitaciones-varias\/escola-el-cim\/"]}]},{"@type":"BreadcrumbList","@id":"https:\/\/construccionscontreras1945.cat\/es\/algunas-obras-realizadas\/rehabilitaciones-varias\/escola-el-cim\/#breadcrumb","itemListElement":[{"@type":"ListItem","position":1,"name":"Inici","item":"https:\/\/construccionscontreras1945.cat\/es\/"},{"@type":"ListItem","position":2,"name":"Algunas obras realizadas","item":"https:\/\/construccionscontreras1945.cat\/es\/algunes-obres-realitzades\/"},{"@type":"ListItem","position":3,"name":"Rehabilitaciones varias","item":"https:\/\/construccionscontreras1945.cat\/es\/some-works-done\/rehabilitacions-diverses\/"},{"@type":"ListItem","position":4,"name":"Escola El Cim"}]},{"@type":"WebSite","@id":"https:\/\/construccionscontreras1945.cat\/es\/#website","url":"https:\/\/construccionscontreras1945.cat\/es\/","name":"Construccions Contreras","description":"Construccions i Reformes des de 1945","potentialAction":[{"@type":"SearchAction","target":{"@type":"EntryPoint","urlTemplate":"https:\/\/construccionscontreras1945.cat\/es\/?s={search_term_string}"},"query-input":{"@type":"PropertyValueSpecification","valueRequired":true,"valueName":"search_term_string"}}],"inLanguage":"es"}]}},"_links":{"self":[{"href":"https:\/\/construccionscontreras1945.cat\/es\/wp-json\/wp\/v2\/pages\/6752","targetHints":{"allow":["GET"]}}],"collection":[{"href":"https:\/\/construccionscontreras1945.cat\/es\/wp-json\/wp\/v2\/pages"}],"about":[{"href":"https:\/\/construccionscontreras1945.cat\/es\/wp-json\/wp\/v2\/types\/page"}],"author":[{"embeddable":true,"href":"https:\/\/construccionscontreras1945.cat\/es\/wp-json\/wp\/v2\/users\/1"}],"replies":[{"embeddable":true,"href":"https:\/\/construccionscontreras1945.cat\/es\/wp-json\/wp\/v2\/comments?post=6752"}],"version-history":[{"count":0,"href":"https:\/\/construccionscontreras1945.cat\/es\/wp-json\/wp\/v2\/pages\/6752\/revisions"}],"up":[{"embeddable":true,"href":"https:\/\/construccionscontreras1945.cat\/es\/wp-json\/wp\/v2\/pages\/3508"}],"wp:attachment":[{"href":"https:\/\/construccionscontreras1945.cat\/es\/wp-json\/wp\/v2\/media?parent=6752"}],"curies":[{"name":"wp","href":"https:\/\/api.w.org\/{rel}","templated":true}]}}