{"id":5413,"date":"2022-02-22T13:54:28","date_gmt":"2022-02-22T11:54:28","guid":{"rendered":"https:\/\/construccionscontreras1945.cat\/servicios\/rehabilitaciones-y-reformas\/campus-epsevg\/"},"modified":"2022-02-22T14:49:31","modified_gmt":"2022-02-22T12:49:31","slug":"campus-epsevg","status":"publish","type":"page","link":"https:\/\/construccionscontreras1945.cat\/es\/servicios\/rehabilitaciones-y-reformas\/campus-epsevg\/","title":{"rendered":"Campus EPSEVG"},"content":{"rendered":"\t\t<div data-elementor-type=\"wp-page\" data-elementor-id=\"5413\" class=\"elementor elementor-5413 elementor-5303\" data-elementor-post-type=\"page\">\n\t\t\t\t\t\t<section class=\"elementor-section elementor-top-section elementor-element elementor-element-fadc603 elementor-section-boxed elementor-section-height-default elementor-section-height-default\" data-id=\"fadc603\" data-element_type=\"section\">\n\t\t\t\t\t\t\t<div class=\"elementor-background-overlay\"><\/div>\n\t\t\t\t\t\t\t<div class=\"elementor-container elementor-column-gap-default\">\n\t\t\t\t\t<div class=\"elementor-column elementor-col-100 elementor-top-column elementor-element elementor-element-79dfbfd\" data-id=\"79dfbfd\" data-element_type=\"column\">\n\t\t\t<div class=\"elementor-widget-wrap elementor-element-populated\">\n\t\t\t\t\t\t<div class=\"elementor-element elementor-element-e5b30fb elementor-widget elementor-widget-heading\" data-id=\"e5b30fb\" data-element_type=\"widget\" data-widget_type=\"heading.default\">\n\t\t\t\t<div class=\"elementor-widget-container\">\n\t\t\t\t\t<h1 class=\"elementor-heading-title elementor-size-default\">Rehabilitaciones y reformas<\/h1>\t\t\t\t<\/div>\n\t\t\t\t<\/div>\n\t\t\t\t\t<\/div>\n\t\t<\/div>\n\t\t\t\t\t<\/div>\n\t\t<\/section>\n\t\t\t\t<section class=\"elementor-section elementor-top-section elementor-element elementor-element-daa376f elementor-section-boxed elementor-section-height-default elementor-section-height-default\" data-id=\"daa376f\" data-element_type=\"section\">\n\t\t\t\t\t\t<div class=\"elementor-container elementor-column-gap-default\">\n\t\t\t\t\t<div class=\"elementor-column elementor-col-100 elementor-top-column elementor-element elementor-element-444682f\" data-id=\"444682f\" data-element_type=\"column\">\n\t\t\t<div class=\"elementor-widget-wrap elementor-element-populated\">\n\t\t\t\t\t\t<div class=\"elementor-element elementor-element-adcbedb elementor-widget elementor-widget-spacer\" data-id=\"adcbedb\" data-element_type=\"widget\" data-widget_type=\"spacer.default\">\n\t\t\t\t<div class=\"elementor-widget-container\">\n\t\t\t\t\t\t\t<div class=\"elementor-spacer\">\n\t\t\t<div class=\"elementor-spacer-inner\"><\/div>\n\t\t<\/div>\n\t\t\t\t\t\t<\/div>\n\t\t\t\t<\/div>\n\t\t\t\t<div class=\"elementor-element elementor-element-71a5bfd elementor-widget elementor-widget-heading\" data-id=\"71a5bfd\" data-element_type=\"widget\" data-widget_type=\"heading.default\">\n\t\t\t\t<div class=\"elementor-widget-container\">\n\t\t\t\t\t<h2 class=\"elementor-heading-title elementor-size-default\">Campus EPSEVG<\/h2>\t\t\t\t<\/div>\n\t\t\t\t<\/div>\n\t\t\t\t<div class=\"elementor-element elementor-element-3b29881 elementor-widget elementor-widget-spacer\" data-id=\"3b29881\" data-element_type=\"widget\" data-widget_type=\"spacer.default\">\n\t\t\t\t<div class=\"elementor-widget-container\">\n\t\t\t\t\t\t\t<div class=\"elementor-spacer\">\n\t\t\t<div class=\"elementor-spacer-inner\"><\/div>\n\t\t<\/div>\n\t\t\t\t\t\t<\/div>\n\t\t\t\t<\/div>\n\t\t\t\t\t<\/div>\n\t\t<\/div>\n\t\t\t\t\t<\/div>\n\t\t<\/section>\n\t\t\t\t<section class=\"elementor-section elementor-top-section elementor-element elementor-element-14812e3 elementor-section-boxed elementor-section-height-default elementor-section-height-default\" data-id=\"14812e3\" data-element_type=\"section\">\n\t\t\t\t\t\t<div class=\"elementor-container elementor-column-gap-default\">\n\t\t\t\t\t<div class=\"elementor-column elementor-col-100 elementor-top-column elementor-element elementor-element-6f6255d\" data-id=\"6f6255d\" data-element_type=\"column\">\n\t\t\t<div class=\"elementor-widget-wrap elementor-element-populated\">\n\t\t\t\t\t\t<div class=\"elementor-element elementor-element-aa1175a elementor-widget elementor-widget-gallery\" data-id=\"aa1175a\" data-element_type=\"widget\" data-settings=\"{&quot;gallery_layout&quot;:&quot;masonry&quot;,&quot;columns&quot;:3,&quot;overlay_description&quot;:&quot;title&quot;,&quot;gap&quot;:{&quot;unit&quot;:&quot;px&quot;,&quot;size&quot;:30,&quot;sizes&quot;:[]},&quot;lazyload&quot;:&quot;yes&quot;,&quot;columns_tablet&quot;:2,&quot;columns_mobile&quot;:1,&quot;gap_tablet&quot;:{&quot;unit&quot;:&quot;px&quot;,&quot;size&quot;:10,&quot;sizes&quot;:[]},&quot;gap_mobile&quot;:{&quot;unit&quot;:&quot;px&quot;,&quot;size&quot;:10,&quot;sizes&quot;:[]},&quot;link_to&quot;:&quot;file&quot;,&quot;overlay_background&quot;:&quot;yes&quot;,&quot;content_hover_animation&quot;:&quot;fade-in&quot;}\" data-widget_type=\"gallery.default\">\n\t\t\t\t<div class=\"elementor-widget-container\">\n\t\t\t\t\t\t\t<div class=\"elementor-gallery__container\">\n\t\t\t\t\t\t\t<a class=\"e-gallery-item elementor-gallery-item elementor-animated-content\" href=\"https:\/\/construccionscontreras1945.cat\/wp-content\/uploads\/2021\/06\/construccions-contreras_rehabilitacio-reformes-interior-40.jpg\" data-elementor-open-lightbox=\"yes\" data-elementor-lightbox-slideshow=\"aa1175a\" data-elementor-lightbox-title=\"Construcci\u00f3n de los nuevos despachos de administraci\u00f3n y direcci\u00f3n, del campus de la EPSEVG, de Vilanova i la Geltr\u00fa.\" data-e-action-hash=\"#elementor-action%3Aaction%3Dlightbox%26settings%3DeyJpZCI6MzYyNywidXJsIjoiaHR0cHM6XC9cL2NvbnN0cnVjY2lvbnNjb250cmVyYXMxOTQ1LmNhdFwvd3AtY29udGVudFwvdXBsb2Fkc1wvMjAyMVwvMDZcL2NvbnN0cnVjY2lvbnMtY29udHJlcmFzX3JlaGFiaWxpdGFjaW8tcmVmb3JtZXMtaW50ZXJpb3ItNDAuanBnIiwic2xpZGVzaG93IjoiYWExMTc1YSJ9\">\n\t\t\t\t\t<div class=\"e-gallery-image elementor-gallery-item__image\" data-thumbnail=\"https:\/\/construccionscontreras1945.cat\/wp-content\/uploads\/2021\/06\/construccions-contreras_rehabilitacio-reformes-interior-40.jpg\" data-width=\"700\" data-height=\"523\" aria-label=\"Construcci\u00f3n de los nuevos despachos de administraci\u00f3n y direcci\u00f3n, del campus de la EPSEVG, de Vilanova i la Geltr\u00fa.\" role=\"img\" ><\/div>\n\t\t\t\t\t\t\t\t\t\t\t<div class=\"elementor-gallery-item__overlay\"><\/div>\n\t\t\t\t\t\t\t\t\t\t\t\t\t\t\t<div class=\"elementor-gallery-item__content\">\n\t\t\t\t\t\t\t\t\t\t\t\t\t\t<div class=\"elementor-gallery-item__description\">\n\t\t\t\t\t\t\t\t\t\t\t\t\t\t\t\t\t\tConstrucci\u00f3n de los nuevos despachos de administraci\u00f3n y direcci\u00f3n, del campus de la EPSEVG, de Vilanova i la Geltr\u00fa.\t\t\t\t\t\t\t\t<\/div>\n\t\t\t\t\t\t\t\t\t\t\t\t<\/div>\n\t\t\t\t\t\t\t\t\t<\/a>\n\t\t\t\t\t\t\t<a class=\"e-gallery-item elementor-gallery-item elementor-animated-content\" href=\"https:\/\/construccionscontreras1945.cat\/wp-content\/uploads\/2021\/06\/construccions-contreras_rehabilitacio-reformes-interior-43-1.jpg\" data-elementor-open-lightbox=\"yes\" data-elementor-lightbox-slideshow=\"aa1175a\" data-elementor-lightbox-title=\"Adaptaci\u00f3n de ba\u00f1os existentes, personas con minusval\u00eda, en el edificio central del campus de la EPSEVG de Vilanova i la Geltr\u00fa.\" data-e-action-hash=\"#elementor-action%3Aaction%3Dlightbox%26settings%3DeyJpZCI6MzYxMCwidXJsIjoiaHR0cHM6XC9cL2NvbnN0cnVjY2lvbnNjb250cmVyYXMxOTQ1LmNhdFwvd3AtY29udGVudFwvdXBsb2Fkc1wvMjAyMVwvMDZcL2NvbnN0cnVjY2lvbnMtY29udHJlcmFzX3JlaGFiaWxpdGFjaW8tcmVmb3JtZXMtaW50ZXJpb3ItNDMtMS5qcGciLCJzbGlkZXNob3ciOiJhYTExNzVhIn0%3D\">\n\t\t\t\t\t<div class=\"e-gallery-image elementor-gallery-item__image\" data-thumbnail=\"https:\/\/construccionscontreras1945.cat\/wp-content\/uploads\/2021\/06\/construccions-contreras_rehabilitacio-reformes-interior-43-1.jpg\" data-width=\"700\" data-height=\"523\" aria-label=\"Adaptaci\u00f3n de ba\u00f1os existentes, personas con minusval\u00eda, en el edificio central del campus de la EPSEVG de Vilanova i la Geltr\u00fa.\" role=\"img\" ><\/div>\n\t\t\t\t\t\t\t\t\t\t\t<div class=\"elementor-gallery-item__overlay\"><\/div>\n\t\t\t\t\t\t\t\t\t\t\t\t\t\t\t<div class=\"elementor-gallery-item__content\">\n\t\t\t\t\t\t\t\t\t\t\t\t\t\t<div class=\"elementor-gallery-item__description\">\n\t\t\t\t\t\t\t\t\t\t\t\t\t\t\t\t\t\tAdaptaci\u00f3n de ba\u00f1os existentes, personas con minusval\u00eda, en el edificio central del campus de la EPSEVG de Vilanova i la Geltr\u00fa.\t\t\t\t\t\t\t\t<\/div>\n\t\t\t\t\t\t\t\t\t\t\t\t<\/div>\n\t\t\t\t\t\t\t\t\t<\/a>\n\t\t\t\t\t<\/div>\n\t\t\t\t\t<\/div>\n\t\t\t\t<\/div>\n\t\t\t\t\t<\/div>\n\t\t<\/div>\n\t\t\t\t\t<\/div>\n\t\t<\/section>\n\t\t\t\t<\/div>\n\t\t","protected":false},"excerpt":{"rendered":"<p>Rehabilitaciones y reformas Campus EPSEVG Construcci\u00f3n de los nuevos despachos de administraci\u00f3n y direcci\u00f3n, del campus de la EPSEVG, de Vilanova i la Geltr\u00fa. Adaptaci\u00f3n de ba\u00f1os existentes, personas con minusval\u00eda, en el edificio central del campus de la EPSEVG de Vilanova i la Geltr\u00fa.<\/p>\n","protected":false},"author":1,"featured_media":0,"parent":3556,"menu_order":0,"comment_status":"closed","ping_status":"closed","template":"elementor_header_footer","meta":{"site-sidebar-layout":"no-sidebar","site-content-layout":"page-builder","ast-site-content-layout":"default","site-content-style":"default","site-sidebar-style":"default","ast-global-header-display":"","ast-banner-title-visibility":"","ast-main-header-display":"","ast-hfb-above-header-display":"","ast-hfb-below-header-display":"","ast-hfb-mobile-header-display":"","site-post-title":"disabled","ast-breadcrumbs-content":"","ast-featured-img":"disabled","footer-sml-layout":"","theme-transparent-header-meta":"default","adv-header-id-meta":"","stick-header-meta":"","header-above-stick-meta":"","header-main-stick-meta":"","header-below-stick-meta":"","astra-migrate-meta-layouts":"default","ast-page-background-enabled":"default","ast-page-background-meta":{"desktop":{"background-color":"","background-image":"","background-repeat":"repeat","background-position":"center center","background-size":"auto","background-attachment":"scroll","background-type":"","background-media":"","overlay-type":"","overlay-color":"","overlay-opacity":"","overlay-gradient":""},"tablet":{"background-color":"","background-image":"","background-repeat":"repeat","background-position":"center center","background-size":"auto","background-attachment":"scroll","background-type":"","background-media":"","overlay-type":"","overlay-color":"","overlay-opacity":"","overlay-gradient":""},"mobile":{"background-color":"","background-image":"","background-repeat":"repeat","background-position":"center center","background-size":"auto","background-attachment":"scroll","background-type":"","background-media":"","overlay-type":"","overlay-color":"","overlay-opacity":"","overlay-gradient":""}},"ast-content-background-meta":{"desktop":{"background-color":"var(--ast-global-color-5)","background-image":"","background-repeat":"repeat","background-position":"center center","background-size":"auto","background-attachment":"scroll","background-type":"","background-media":"","overlay-type":"","overlay-color":"","overlay-opacity":"","overlay-gradient":""},"tablet":{"background-color":"var(--ast-global-color-5)","background-image":"","background-repeat":"repeat","background-position":"center center","background-size":"auto","background-attachment":"scroll","background-type":"","background-media":"","overlay-type":"","overlay-color":"","overlay-opacity":"","overlay-gradient":""},"mobile":{"background-color":"var(--ast-global-color-5)","background-image":"","background-repeat":"repeat","background-position":"center center","background-size":"auto","background-attachment":"scroll","background-type":"","background-media":"","overlay-type":"","overlay-color":"","overlay-opacity":"","overlay-gradient":""}},"footnotes":""},"class_list":["post-5413","page","type-page","status-publish","hentry"],"yoast_head":"<!-- This site is optimized with the Yoast SEO plugin v26.4 - https:\/\/yoast.com\/wordpress\/plugins\/seo\/ -->\n<title>Campus EPSEVG - Construccions Contreras<\/title>\n<meta name=\"robots\" content=\"index, follow, max-snippet:-1, max-image-preview:large, max-video-preview:-1\" \/>\n<link rel=\"canonical\" href=\"https:\/\/construccionscontreras1945.cat\/es\/servicios\/rehabilitaciones-y-reformas\/campus-epsevg\/\" \/>\n<meta property=\"og:locale\" content=\"es_ES\" \/>\n<meta property=\"og:type\" content=\"article\" \/>\n<meta property=\"og:title\" content=\"Campus EPSEVG - Construccions Contreras\" \/>\n<meta property=\"og:description\" content=\"Rehabilitaciones y reformas Campus EPSEVG Construcci\u00f3n de los nuevos despachos de administraci\u00f3n y direcci\u00f3n, del campus de la EPSEVG, de Vilanova i la Geltr\u00fa. Adaptaci\u00f3n de ba\u00f1os existentes, personas con minusval\u00eda, en el edificio central del campus de la EPSEVG de Vilanova i la Geltr\u00fa.\" \/>\n<meta property=\"og:url\" content=\"https:\/\/construccionscontreras1945.cat\/es\/servicios\/rehabilitaciones-y-reformas\/campus-epsevg\/\" \/>\n<meta property=\"og:site_name\" content=\"Construccions Contreras\" \/>\n<meta property=\"article:modified_time\" content=\"2022-02-22T12:49:31+00:00\" \/>\n<meta name=\"twitter:card\" content=\"summary_large_image\" \/>\n<meta name=\"twitter:label1\" content=\"Tiempo de lectura\" \/>\n\t<meta name=\"twitter:data1\" content=\"1 minuto\" \/>\n<script type=\"application\/ld+json\" class=\"yoast-schema-graph\">{\"@context\":\"https:\/\/schema.org\",\"@graph\":[{\"@type\":\"WebPage\",\"@id\":\"https:\/\/construccionscontreras1945.cat\/es\/servicios\/rehabilitaciones-y-reformas\/campus-epsevg\/\",\"url\":\"https:\/\/construccionscontreras1945.cat\/es\/servicios\/rehabilitaciones-y-reformas\/campus-epsevg\/\",\"name\":\"Campus EPSEVG - Construccions Contreras\",\"isPartOf\":{\"@id\":\"https:\/\/construccionscontreras1945.cat\/es\/#website\"},\"datePublished\":\"2022-02-22T11:54:28+00:00\",\"dateModified\":\"2022-02-22T12:49:31+00:00\",\"breadcrumb\":{\"@id\":\"https:\/\/construccionscontreras1945.cat\/es\/servicios\/rehabilitaciones-y-reformas\/campus-epsevg\/#breadcrumb\"},\"inLanguage\":\"es\",\"potentialAction\":[{\"@type\":\"ReadAction\",\"target\":[\"https:\/\/construccionscontreras1945.cat\/es\/servicios\/rehabilitaciones-y-reformas\/campus-epsevg\/\"]}]},{\"@type\":\"BreadcrumbList\",\"@id\":\"https:\/\/construccionscontreras1945.cat\/es\/servicios\/rehabilitaciones-y-reformas\/campus-epsevg\/#breadcrumb\",\"itemListElement\":[{\"@type\":\"ListItem\",\"position\":1,\"name\":\"Inici\",\"item\":\"https:\/\/construccionscontreras1945.cat\/es\/\"},{\"@type\":\"ListItem\",\"position\":2,\"name\":\"Servicios\",\"item\":\"https:\/\/construccionscontreras1945.cat\/es\/servicios\/\"},{\"@type\":\"ListItem\",\"position\":3,\"name\":\"Rehabilitaciones y reformas\",\"item\":\"https:\/\/construccionscontreras1945.cat\/es\/services\/renovations\/\"},{\"@type\":\"ListItem\",\"position\":4,\"name\":\"Campus EPSEVG\"}]},{\"@type\":\"WebSite\",\"@id\":\"https:\/\/construccionscontreras1945.cat\/es\/#website\",\"url\":\"https:\/\/construccionscontreras1945.cat\/es\/\",\"name\":\"Construccions Contreras\",\"description\":\"Construccions i Reformes des de 1945\",\"potentialAction\":[{\"@type\":\"SearchAction\",\"target\":{\"@type\":\"EntryPoint\",\"urlTemplate\":\"https:\/\/construccionscontreras1945.cat\/es\/?s={search_term_string}\"},\"query-input\":{\"@type\":\"PropertyValueSpecification\",\"valueRequired\":true,\"valueName\":\"search_term_string\"}}],\"inLanguage\":\"es\"}]}<\/script>\n<!-- \/ Yoast SEO plugin. -->","yoast_head_json":{"title":"Campus EPSEVG - Construccions Contreras","robots":{"index":"index","follow":"follow","max-snippet":"max-snippet:-1","max-image-preview":"max-image-preview:large","max-video-preview":"max-video-preview:-1"},"canonical":"https:\/\/construccionscontreras1945.cat\/es\/servicios\/rehabilitaciones-y-reformas\/campus-epsevg\/","og_locale":"es_ES","og_type":"article","og_title":"Campus EPSEVG - Construccions Contreras","og_description":"Rehabilitaciones y reformas Campus EPSEVG Construcci\u00f3n de los nuevos despachos de administraci\u00f3n y direcci\u00f3n, del campus de la EPSEVG, de Vilanova i la Geltr\u00fa. Adaptaci\u00f3n de ba\u00f1os existentes, personas con minusval\u00eda, en el edificio central del campus de la EPSEVG de Vilanova i la Geltr\u00fa.","og_url":"https:\/\/construccionscontreras1945.cat\/es\/servicios\/rehabilitaciones-y-reformas\/campus-epsevg\/","og_site_name":"Construccions Contreras","article_modified_time":"2022-02-22T12:49:31+00:00","twitter_card":"summary_large_image","twitter_misc":{"Tiempo de lectura":"1 minuto"},"schema":{"@context":"https:\/\/schema.org","@graph":[{"@type":"WebPage","@id":"https:\/\/construccionscontreras1945.cat\/es\/servicios\/rehabilitaciones-y-reformas\/campus-epsevg\/","url":"https:\/\/construccionscontreras1945.cat\/es\/servicios\/rehabilitaciones-y-reformas\/campus-epsevg\/","name":"Campus EPSEVG - Construccions Contreras","isPartOf":{"@id":"https:\/\/construccionscontreras1945.cat\/es\/#website"},"datePublished":"2022-02-22T11:54:28+00:00","dateModified":"2022-02-22T12:49:31+00:00","breadcrumb":{"@id":"https:\/\/construccionscontreras1945.cat\/es\/servicios\/rehabilitaciones-y-reformas\/campus-epsevg\/#breadcrumb"},"inLanguage":"es","potentialAction":[{"@type":"ReadAction","target":["https:\/\/construccionscontreras1945.cat\/es\/servicios\/rehabilitaciones-y-reformas\/campus-epsevg\/"]}]},{"@type":"BreadcrumbList","@id":"https:\/\/construccionscontreras1945.cat\/es\/servicios\/rehabilitaciones-y-reformas\/campus-epsevg\/#breadcrumb","itemListElement":[{"@type":"ListItem","position":1,"name":"Inici","item":"https:\/\/construccionscontreras1945.cat\/es\/"},{"@type":"ListItem","position":2,"name":"Servicios","item":"https:\/\/construccionscontreras1945.cat\/es\/servicios\/"},{"@type":"ListItem","position":3,"name":"Rehabilitaciones y reformas","item":"https:\/\/construccionscontreras1945.cat\/es\/services\/renovations\/"},{"@type":"ListItem","position":4,"name":"Campus EPSEVG"}]},{"@type":"WebSite","@id":"https:\/\/construccionscontreras1945.cat\/es\/#website","url":"https:\/\/construccionscontreras1945.cat\/es\/","name":"Construccions Contreras","description":"Construccions i Reformes des de 1945","potentialAction":[{"@type":"SearchAction","target":{"@type":"EntryPoint","urlTemplate":"https:\/\/construccionscontreras1945.cat\/es\/?s={search_term_string}"},"query-input":{"@type":"PropertyValueSpecification","valueRequired":true,"valueName":"search_term_string"}}],"inLanguage":"es"}]}},"_links":{"self":[{"href":"https:\/\/construccionscontreras1945.cat\/es\/wp-json\/wp\/v2\/pages\/5413","targetHints":{"allow":["GET"]}}],"collection":[{"href":"https:\/\/construccionscontreras1945.cat\/es\/wp-json\/wp\/v2\/pages"}],"about":[{"href":"https:\/\/construccionscontreras1945.cat\/es\/wp-json\/wp\/v2\/types\/page"}],"author":[{"embeddable":true,"href":"https:\/\/construccionscontreras1945.cat\/es\/wp-json\/wp\/v2\/users\/1"}],"replies":[{"embeddable":true,"href":"https:\/\/construccionscontreras1945.cat\/es\/wp-json\/wp\/v2\/comments?post=5413"}],"version-history":[{"count":0,"href":"https:\/\/construccionscontreras1945.cat\/es\/wp-json\/wp\/v2\/pages\/5413\/revisions"}],"up":[{"embeddable":true,"href":"https:\/\/construccionscontreras1945.cat\/es\/wp-json\/wp\/v2\/pages\/3556"}],"wp:attachment":[{"href":"https:\/\/construccionscontreras1945.cat\/es\/wp-json\/wp\/v2\/media?parent=5413"}],"curies":[{"name":"wp","href":"https:\/\/api.w.org\/{rel}","templated":true}]}}