{"id":5212,"date":"2022-02-22T12:49:00","date_gmt":"2022-02-22T10:49:00","guid":{"rendered":"https:\/\/construccionscontreras1945.cat\/algunas-obras-realizadas\/rehabilitaciones-varias\/masia-antiga\/"},"modified":"2022-02-22T12:57:46","modified_gmt":"2022-02-22T10:57:46","slug":"masia-antiga","status":"publish","type":"page","link":"https:\/\/construccionscontreras1945.cat\/es\/algunas-obras-realizadas\/rehabilitaciones-varias\/masia-antiga\/","title":{"rendered":"Masia antiga"},"content":{"rendered":"\t\t<div data-elementor-type=\"wp-page\" data-elementor-id=\"5212\" class=\"elementor elementor-5212 elementor-5190\" data-elementor-post-type=\"page\">\n\t\t\t\t\t\t<section class=\"elementor-section elementor-top-section elementor-element elementor-element-fadc603 elementor-section-boxed elementor-section-height-default elementor-section-height-default\" data-id=\"fadc603\" data-element_type=\"section\">\n\t\t\t\t\t\t\t<div class=\"elementor-background-overlay\"><\/div>\n\t\t\t\t\t\t\t<div class=\"elementor-container elementor-column-gap-default\">\n\t\t\t\t\t<div class=\"elementor-column elementor-col-100 elementor-top-column elementor-element elementor-element-79dfbfd\" data-id=\"79dfbfd\" data-element_type=\"column\">\n\t\t\t<div class=\"elementor-widget-wrap elementor-element-populated\">\n\t\t\t\t\t\t<div class=\"elementor-element elementor-element-e5b30fb elementor-widget elementor-widget-heading\" data-id=\"e5b30fb\" data-element_type=\"widget\" data-widget_type=\"heading.default\">\n\t\t\t\t<div class=\"elementor-widget-container\">\n\t\t\t\t\t<h1 class=\"elementor-heading-title elementor-size-default\">Rehabilitaciones varias\n<\/h1>\t\t\t\t<\/div>\n\t\t\t\t<\/div>\n\t\t\t\t\t<\/div>\n\t\t<\/div>\n\t\t\t\t\t<\/div>\n\t\t<\/section>\n\t\t\t\t<section class=\"elementor-section elementor-top-section elementor-element elementor-element-d278c6a elementor-section-boxed elementor-section-height-default elementor-section-height-default\" data-id=\"d278c6a\" data-element_type=\"section\">\n\t\t\t\t\t\t<div class=\"elementor-container elementor-column-gap-default\">\n\t\t\t\t\t<div class=\"elementor-column elementor-col-100 elementor-top-column elementor-element elementor-element-0b269fa\" data-id=\"0b269fa\" data-element_type=\"column\">\n\t\t\t<div class=\"elementor-widget-wrap elementor-element-populated\">\n\t\t\t\t\t\t<div class=\"elementor-element elementor-element-35ae5ca elementor-widget elementor-widget-spacer\" data-id=\"35ae5ca\" data-element_type=\"widget\" data-widget_type=\"spacer.default\">\n\t\t\t\t<div class=\"elementor-widget-container\">\n\t\t\t\t\t\t\t<div class=\"elementor-spacer\">\n\t\t\t<div class=\"elementor-spacer-inner\"><\/div>\n\t\t<\/div>\n\t\t\t\t\t\t<\/div>\n\t\t\t\t<\/div>\n\t\t\t\t<div class=\"elementor-element elementor-element-39791bc elementor-widget elementor-widget-heading\" data-id=\"39791bc\" data-element_type=\"widget\" data-widget_type=\"heading.default\">\n\t\t\t\t<div class=\"elementor-widget-container\">\n\t\t\t\t\t<h2 class=\"elementor-heading-title elementor-size-default\">Masia antiga<\/h2>\t\t\t\t<\/div>\n\t\t\t\t<\/div>\n\t\t\t\t<div class=\"elementor-element elementor-element-c83177f elementor-widget elementor-widget-spacer\" data-id=\"c83177f\" data-element_type=\"widget\" data-widget_type=\"spacer.default\">\n\t\t\t\t<div class=\"elementor-widget-container\">\n\t\t\t\t\t\t\t<div class=\"elementor-spacer\">\n\t\t\t<div class=\"elementor-spacer-inner\"><\/div>\n\t\t<\/div>\n\t\t\t\t\t\t<\/div>\n\t\t\t\t<\/div>\n\t\t\t\t\t<\/div>\n\t\t<\/div>\n\t\t\t\t\t<\/div>\n\t\t<\/section>\n\t\t\t\t<section class=\"elementor-section elementor-top-section elementor-element elementor-element-bce8712 elementor-section-boxed elementor-section-height-default elementor-section-height-default\" data-id=\"bce8712\" data-element_type=\"section\">\n\t\t\t\t\t\t<div class=\"elementor-container elementor-column-gap-default\">\n\t\t\t\t\t<div class=\"elementor-column elementor-col-100 elementor-top-column elementor-element elementor-element-69c205f\" data-id=\"69c205f\" data-element_type=\"column\">\n\t\t\t<div class=\"elementor-widget-wrap elementor-element-populated\">\n\t\t\t\t\t\t<div class=\"elementor-element elementor-element-25ce89e elementor-widget elementor-widget-gallery\" data-id=\"25ce89e\" data-element_type=\"widget\" data-settings=\"{&quot;gallery_layout&quot;:&quot;masonry&quot;,&quot;columns&quot;:3,&quot;overlay_description&quot;:&quot;title&quot;,&quot;gap&quot;:{&quot;unit&quot;:&quot;px&quot;,&quot;size&quot;:30,&quot;sizes&quot;:[]},&quot;lazyload&quot;:&quot;yes&quot;,&quot;columns_tablet&quot;:2,&quot;columns_mobile&quot;:1,&quot;gap_tablet&quot;:{&quot;unit&quot;:&quot;px&quot;,&quot;size&quot;:10,&quot;sizes&quot;:[]},&quot;gap_mobile&quot;:{&quot;unit&quot;:&quot;px&quot;,&quot;size&quot;:10,&quot;sizes&quot;:[]},&quot;link_to&quot;:&quot;file&quot;,&quot;overlay_background&quot;:&quot;yes&quot;,&quot;content_hover_animation&quot;:&quot;fade-in&quot;}\" data-widget_type=\"gallery.default\">\n\t\t\t\t<div class=\"elementor-widget-container\">\n\t\t\t\t\t\t\t<div class=\"elementor-gallery__container\">\n\t\t\t\t\t\t\t<a class=\"e-gallery-item elementor-gallery-item elementor-animated-content\" href=\"https:\/\/construccionscontreras1945.cat\/wp-content\/uploads\/2021\/06\/construccions-contreras_rehabilitacions-diverses-20-2.jpg\" data-elementor-open-lightbox=\"yes\" data-elementor-lightbox-slideshow=\"25ce89e\" data-elementor-lightbox-title=\"Rehabilitaci\u00f3n y ampliaci\u00f3n, de mas\u00eda antigua, en la Pla\u00e7a de l&#039;Ajuntament de Olivella, entre los a\u00f1os 2005 y 2007\" data-e-action-hash=\"#elementor-action%3Aaction%3Dlightbox%26settings%3DeyJpZCI6MzYxMiwidXJsIjoiaHR0cHM6XC9cL2NvbnN0cnVjY2lvbnNjb250cmVyYXMxOTQ1LmNhdFwvd3AtY29udGVudFwvdXBsb2Fkc1wvMjAyMVwvMDZcL2NvbnN0cnVjY2lvbnMtY29udHJlcmFzX3JlaGFiaWxpdGFjaW9ucy1kaXZlcnNlcy0yMC0yLmpwZyIsInNsaWRlc2hvdyI6IjI1Y2U4OWUifQ%3D%3D\">\n\t\t\t\t\t<div class=\"e-gallery-image elementor-gallery-item__image\" data-thumbnail=\"https:\/\/construccionscontreras1945.cat\/wp-content\/uploads\/2021\/06\/construccions-contreras_rehabilitacions-diverses-20-2.jpg\" data-width=\"700\" data-height=\"468\" aria-label=\"Rehabilitaci\u00f3n y ampliaci\u00f3n, de mas\u00eda antigua, en la Pla\u00e7a de l&#039;Ajuntament de Olivella, entre los a\u00f1os 2005 y 2007\" role=\"img\" ><\/div>\n\t\t\t\t\t\t\t\t\t\t\t<div class=\"elementor-gallery-item__overlay\"><\/div>\n\t\t\t\t\t\t\t\t\t\t\t\t\t\t\t<div class=\"elementor-gallery-item__content\">\n\t\t\t\t\t\t\t\t\t\t\t\t\t\t<div class=\"elementor-gallery-item__description\">\n\t\t\t\t\t\t\t\t\t\t\t\t\t\t\t\t\t\tRehabilitaci\u00f3n y ampliaci\u00f3n, de mas\u00eda antigua, en la Pla\u00e7a de l'Ajuntament de Olivella, entre los a\u00f1os 2005 y 2007\t\t\t\t\t\t\t\t<\/div>\n\t\t\t\t\t\t\t\t\t\t\t\t<\/div>\n\t\t\t\t\t\t\t\t\t<\/a>\n\t\t\t\t\t\t\t<a class=\"e-gallery-item elementor-gallery-item elementor-animated-content\" href=\"https:\/\/construccionscontreras1945.cat\/wp-content\/uploads\/2021\/06\/construccions-contreras_rehabilitacions-diverses-19-1.jpg\" data-elementor-open-lightbox=\"yes\" data-elementor-lightbox-slideshow=\"25ce89e\" data-elementor-lightbox-title=\"Fachada exterior de piedra, totalmente rehabilitada, en la mas\u00eda antigua, de la Pla\u00e7a de l&#039;Ajuntament de Olivella.\" data-e-action-hash=\"#elementor-action%3Aaction%3Dlightbox%26settings%3DeyJpZCI6MzYxMywidXJsIjoiaHR0cHM6XC9cL2NvbnN0cnVjY2lvbnNjb250cmVyYXMxOTQ1LmNhdFwvd3AtY29udGVudFwvdXBsb2Fkc1wvMjAyMVwvMDZcL2NvbnN0cnVjY2lvbnMtY29udHJlcmFzX3JlaGFiaWxpdGFjaW9ucy1kaXZlcnNlcy0xOS0xLmpwZyIsInNsaWRlc2hvdyI6IjI1Y2U4OWUifQ%3D%3D\">\n\t\t\t\t\t<div class=\"e-gallery-image elementor-gallery-item__image\" data-thumbnail=\"https:\/\/construccionscontreras1945.cat\/wp-content\/uploads\/2021\/06\/construccions-contreras_rehabilitacions-diverses-19-1.jpg\" data-width=\"700\" data-height=\"468\" aria-label=\"Fachada exterior de piedra, totalmente rehabilitada, en la mas\u00eda antigua, de la Pla\u00e7a de l&#039;Ajuntament de Olivella.\" role=\"img\" ><\/div>\n\t\t\t\t\t\t\t\t\t\t\t<div class=\"elementor-gallery-item__overlay\"><\/div>\n\t\t\t\t\t\t\t\t\t\t\t\t\t\t\t<div class=\"elementor-gallery-item__content\">\n\t\t\t\t\t\t\t\t\t\t\t\t\t\t<div class=\"elementor-gallery-item__description\">\n\t\t\t\t\t\t\t\t\t\t\t\t\t\t\t\t\t\tFachada exterior de piedra, totalmente rehabilitada, en la mas\u00eda antigua, de la Pla\u00e7a de l'Ajuntament de Olivella.\t\t\t\t\t\t\t\t<\/div>\n\t\t\t\t\t\t\t\t\t\t\t\t<\/div>\n\t\t\t\t\t\t\t\t\t<\/a>\n\t\t\t\t\t\t\t<a class=\"e-gallery-item elementor-gallery-item elementor-animated-content\" href=\"https:\/\/construccionscontreras1945.cat\/wp-content\/uploads\/2021\/06\/construccions-contreras_rehabilitacions-diverses-18-1.jpg\" data-elementor-open-lightbox=\"yes\" data-elementor-lightbox-slideshow=\"25ce89e\" data-elementor-lightbox-title=\"Zonas de jardines y fachada exterior principal, de la vivienda rehabilitada, en la Pla\u00e7a de l&#039;Ajuntament de Olivella.\" data-e-action-hash=\"#elementor-action%3Aaction%3Dlightbox%26settings%3DeyJpZCI6MzYxNCwidXJsIjoiaHR0cHM6XC9cL2NvbnN0cnVjY2lvbnNjb250cmVyYXMxOTQ1LmNhdFwvd3AtY29udGVudFwvdXBsb2Fkc1wvMjAyMVwvMDZcL2NvbnN0cnVjY2lvbnMtY29udHJlcmFzX3JlaGFiaWxpdGFjaW9ucy1kaXZlcnNlcy0xOC0xLmpwZyIsInNsaWRlc2hvdyI6IjI1Y2U4OWUifQ%3D%3D\">\n\t\t\t\t\t<div class=\"e-gallery-image elementor-gallery-item__image\" data-thumbnail=\"https:\/\/construccionscontreras1945.cat\/wp-content\/uploads\/2021\/06\/construccions-contreras_rehabilitacions-diverses-18-1.jpg\" data-width=\"700\" data-height=\"467\" aria-label=\"Zonas de jardines y fachada exterior principal, de la vivienda rehabilitada, en la Pla\u00e7a de l&#039;Ajuntament de Olivella.\" role=\"img\" ><\/div>\n\t\t\t\t\t\t\t\t\t\t\t<div class=\"elementor-gallery-item__overlay\"><\/div>\n\t\t\t\t\t\t\t\t\t\t\t\t\t\t\t<div class=\"elementor-gallery-item__content\">\n\t\t\t\t\t\t\t\t\t\t\t\t\t\t<div class=\"elementor-gallery-item__description\">\n\t\t\t\t\t\t\t\t\t\t\t\t\t\t\t\t\t\tZonas de jardines y fachada exterior principal, de la vivienda rehabilitada, en la Pla\u00e7a de l'Ajuntament de Olivella.\t\t\t\t\t\t\t\t<\/div>\n\t\t\t\t\t\t\t\t\t\t\t\t<\/div>\n\t\t\t\t\t\t\t\t\t<\/a>\n\t\t\t\t\t<\/div>\n\t\t\t\t\t<\/div>\n\t\t\t\t<\/div>\n\t\t\t\t\t<\/div>\n\t\t<\/div>\n\t\t\t\t\t<\/div>\n\t\t<\/section>\n\t\t\t\t<\/div>\n\t\t","protected":false},"excerpt":{"rendered":"<p>Rehabilitaciones varias Masia antiga Rehabilitaci\u00f3n y ampliaci\u00f3n, de mas\u00eda antigua, en la Pla\u00e7a de l&#8217;Ajuntament de Olivella, entre los a\u00f1os 2005 y 2007 Fachada exterior de piedra, totalmente rehabilitada, en la mas\u00eda antigua, de la Pla\u00e7a de l&#8217;Ajuntament de Olivella. Zonas de jardines y fachada exterior principal, de la vivienda rehabilitada, en la Pla\u00e7a de [&hellip;]<\/p>\n","protected":false},"author":1,"featured_media":0,"parent":3508,"menu_order":0,"comment_status":"closed","ping_status":"closed","template":"elementor_header_footer","meta":{"site-sidebar-layout":"no-sidebar","site-content-layout":"page-builder","ast-site-content-layout":"default","site-content-style":"default","site-sidebar-style":"default","ast-global-header-display":"","ast-banner-title-visibility":"","ast-main-header-display":"","ast-hfb-above-header-display":"","ast-hfb-below-header-display":"","ast-hfb-mobile-header-display":"","site-post-title":"disabled","ast-breadcrumbs-content":"","ast-featured-img":"disabled","footer-sml-layout":"","theme-transparent-header-meta":"default","adv-header-id-meta":"","stick-header-meta":"","header-above-stick-meta":"","header-main-stick-meta":"","header-below-stick-meta":"","astra-migrate-meta-layouts":"default","ast-page-background-enabled":"default","ast-page-background-meta":{"desktop":{"background-color":"","background-image":"","background-repeat":"repeat","background-position":"center center","background-size":"auto","background-attachment":"scroll","background-type":"","background-media":"","overlay-type":"","overlay-color":"","overlay-opacity":"","overlay-gradient":""},"tablet":{"background-color":"","background-image":"","background-repeat":"repeat","background-position":"center center","background-size":"auto","background-attachment":"scroll","background-type":"","background-media":"","overlay-type":"","overlay-color":"","overlay-opacity":"","overlay-gradient":""},"mobile":{"background-color":"","background-image":"","background-repeat":"repeat","background-position":"center center","background-size":"auto","background-attachment":"scroll","background-type":"","background-media":"","overlay-type":"","overlay-color":"","overlay-opacity":"","overlay-gradient":""}},"ast-content-background-meta":{"desktop":{"background-color":"var(--ast-global-color-5)","background-image":"","background-repeat":"repeat","background-position":"center center","background-size":"auto","background-attachment":"scroll","background-type":"","background-media":"","overlay-type":"","overlay-color":"","overlay-opacity":"","overlay-gradient":""},"tablet":{"background-color":"var(--ast-global-color-5)","background-image":"","background-repeat":"repeat","background-position":"center center","background-size":"auto","background-attachment":"scroll","background-type":"","background-media":"","overlay-type":"","overlay-color":"","overlay-opacity":"","overlay-gradient":""},"mobile":{"background-color":"var(--ast-global-color-5)","background-image":"","background-repeat":"repeat","background-position":"center center","background-size":"auto","background-attachment":"scroll","background-type":"","background-media":"","overlay-type":"","overlay-color":"","overlay-opacity":"","overlay-gradient":""}},"footnotes":""},"class_list":["post-5212","page","type-page","status-publish","hentry"],"yoast_head":"<!-- This site is optimized with the Yoast SEO plugin v26.4 - https:\/\/yoast.com\/wordpress\/plugins\/seo\/ -->\n<title>Masia antiga - Construccions Contreras<\/title>\n<meta name=\"robots\" content=\"index, follow, max-snippet:-1, max-image-preview:large, max-video-preview:-1\" \/>\n<link rel=\"canonical\" href=\"https:\/\/construccionscontreras1945.cat\/es\/algunas-obras-realizadas\/rehabilitaciones-varias\/masia-antiga\/\" \/>\n<meta property=\"og:locale\" content=\"es_ES\" \/>\n<meta property=\"og:type\" content=\"article\" \/>\n<meta property=\"og:title\" content=\"Masia antiga - Construccions Contreras\" \/>\n<meta property=\"og:description\" content=\"Rehabilitaciones varias Masia antiga Rehabilitaci\u00f3n y ampliaci\u00f3n, de mas\u00eda antigua, en la Pla\u00e7a de l&#8217;Ajuntament de Olivella, entre los a\u00f1os 2005 y 2007 Fachada exterior de piedra, totalmente rehabilitada, en la mas\u00eda antigua, de la Pla\u00e7a de l&#8217;Ajuntament de Olivella. Zonas de jardines y fachada exterior principal, de la vivienda rehabilitada, en la Pla\u00e7a de [&hellip;]\" \/>\n<meta property=\"og:url\" content=\"https:\/\/construccionscontreras1945.cat\/es\/algunas-obras-realizadas\/rehabilitaciones-varias\/masia-antiga\/\" \/>\n<meta property=\"og:site_name\" content=\"Construccions Contreras\" \/>\n<meta property=\"article:modified_time\" content=\"2022-02-22T10:57:46+00:00\" \/>\n<meta name=\"twitter:card\" content=\"summary_large_image\" \/>\n<meta name=\"twitter:label1\" content=\"Tiempo de lectura\" \/>\n\t<meta name=\"twitter:data1\" content=\"1 minuto\" \/>\n<script type=\"application\/ld+json\" class=\"yoast-schema-graph\">{\"@context\":\"https:\/\/schema.org\",\"@graph\":[{\"@type\":\"WebPage\",\"@id\":\"https:\/\/construccionscontreras1945.cat\/es\/algunas-obras-realizadas\/rehabilitaciones-varias\/masia-antiga\/\",\"url\":\"https:\/\/construccionscontreras1945.cat\/es\/algunas-obras-realizadas\/rehabilitaciones-varias\/masia-antiga\/\",\"name\":\"Masia antiga - Construccions Contreras\",\"isPartOf\":{\"@id\":\"https:\/\/construccionscontreras1945.cat\/es\/#website\"},\"datePublished\":\"2022-02-22T10:49:00+00:00\",\"dateModified\":\"2022-02-22T10:57:46+00:00\",\"breadcrumb\":{\"@id\":\"https:\/\/construccionscontreras1945.cat\/es\/algunas-obras-realizadas\/rehabilitaciones-varias\/masia-antiga\/#breadcrumb\"},\"inLanguage\":\"es\",\"potentialAction\":[{\"@type\":\"ReadAction\",\"target\":[\"https:\/\/construccionscontreras1945.cat\/es\/algunas-obras-realizadas\/rehabilitaciones-varias\/masia-antiga\/\"]}]},{\"@type\":\"BreadcrumbList\",\"@id\":\"https:\/\/construccionscontreras1945.cat\/es\/algunas-obras-realizadas\/rehabilitaciones-varias\/masia-antiga\/#breadcrumb\",\"itemListElement\":[{\"@type\":\"ListItem\",\"position\":1,\"name\":\"Inici\",\"item\":\"https:\/\/construccionscontreras1945.cat\/es\/\"},{\"@type\":\"ListItem\",\"position\":2,\"name\":\"Algunas obras realizadas\",\"item\":\"https:\/\/construccionscontreras1945.cat\/es\/algunes-obres-realitzades\/\"},{\"@type\":\"ListItem\",\"position\":3,\"name\":\"Rehabilitaciones varias\",\"item\":\"https:\/\/construccionscontreras1945.cat\/es\/some-works-done\/rehabilitacions-diverses\/\"},{\"@type\":\"ListItem\",\"position\":4,\"name\":\"Masia antiga\"}]},{\"@type\":\"WebSite\",\"@id\":\"https:\/\/construccionscontreras1945.cat\/es\/#website\",\"url\":\"https:\/\/construccionscontreras1945.cat\/es\/\",\"name\":\"Construccions Contreras\",\"description\":\"Construccions i Reformes des de 1945\",\"potentialAction\":[{\"@type\":\"SearchAction\",\"target\":{\"@type\":\"EntryPoint\",\"urlTemplate\":\"https:\/\/construccionscontreras1945.cat\/es\/?s={search_term_string}\"},\"query-input\":{\"@type\":\"PropertyValueSpecification\",\"valueRequired\":true,\"valueName\":\"search_term_string\"}}],\"inLanguage\":\"es\"}]}<\/script>\n<!-- \/ Yoast SEO plugin. -->","yoast_head_json":{"title":"Masia antiga - Construccions Contreras","robots":{"index":"index","follow":"follow","max-snippet":"max-snippet:-1","max-image-preview":"max-image-preview:large","max-video-preview":"max-video-preview:-1"},"canonical":"https:\/\/construccionscontreras1945.cat\/es\/algunas-obras-realizadas\/rehabilitaciones-varias\/masia-antiga\/","og_locale":"es_ES","og_type":"article","og_title":"Masia antiga - Construccions Contreras","og_description":"Rehabilitaciones varias Masia antiga Rehabilitaci\u00f3n y ampliaci\u00f3n, de mas\u00eda antigua, en la Pla\u00e7a de l&#8217;Ajuntament de Olivella, entre los a\u00f1os 2005 y 2007 Fachada exterior de piedra, totalmente rehabilitada, en la mas\u00eda antigua, de la Pla\u00e7a de l&#8217;Ajuntament de Olivella. Zonas de jardines y fachada exterior principal, de la vivienda rehabilitada, en la Pla\u00e7a de [&hellip;]","og_url":"https:\/\/construccionscontreras1945.cat\/es\/algunas-obras-realizadas\/rehabilitaciones-varias\/masia-antiga\/","og_site_name":"Construccions Contreras","article_modified_time":"2022-02-22T10:57:46+00:00","twitter_card":"summary_large_image","twitter_misc":{"Tiempo de lectura":"1 minuto"},"schema":{"@context":"https:\/\/schema.org","@graph":[{"@type":"WebPage","@id":"https:\/\/construccionscontreras1945.cat\/es\/algunas-obras-realizadas\/rehabilitaciones-varias\/masia-antiga\/","url":"https:\/\/construccionscontreras1945.cat\/es\/algunas-obras-realizadas\/rehabilitaciones-varias\/masia-antiga\/","name":"Masia antiga - Construccions Contreras","isPartOf":{"@id":"https:\/\/construccionscontreras1945.cat\/es\/#website"},"datePublished":"2022-02-22T10:49:00+00:00","dateModified":"2022-02-22T10:57:46+00:00","breadcrumb":{"@id":"https:\/\/construccionscontreras1945.cat\/es\/algunas-obras-realizadas\/rehabilitaciones-varias\/masia-antiga\/#breadcrumb"},"inLanguage":"es","potentialAction":[{"@type":"ReadAction","target":["https:\/\/construccionscontreras1945.cat\/es\/algunas-obras-realizadas\/rehabilitaciones-varias\/masia-antiga\/"]}]},{"@type":"BreadcrumbList","@id":"https:\/\/construccionscontreras1945.cat\/es\/algunas-obras-realizadas\/rehabilitaciones-varias\/masia-antiga\/#breadcrumb","itemListElement":[{"@type":"ListItem","position":1,"name":"Inici","item":"https:\/\/construccionscontreras1945.cat\/es\/"},{"@type":"ListItem","position":2,"name":"Algunas obras realizadas","item":"https:\/\/construccionscontreras1945.cat\/es\/algunes-obres-realitzades\/"},{"@type":"ListItem","position":3,"name":"Rehabilitaciones varias","item":"https:\/\/construccionscontreras1945.cat\/es\/some-works-done\/rehabilitacions-diverses\/"},{"@type":"ListItem","position":4,"name":"Masia antiga"}]},{"@type":"WebSite","@id":"https:\/\/construccionscontreras1945.cat\/es\/#website","url":"https:\/\/construccionscontreras1945.cat\/es\/","name":"Construccions Contreras","description":"Construccions i Reformes des de 1945","potentialAction":[{"@type":"SearchAction","target":{"@type":"EntryPoint","urlTemplate":"https:\/\/construccionscontreras1945.cat\/es\/?s={search_term_string}"},"query-input":{"@type":"PropertyValueSpecification","valueRequired":true,"valueName":"search_term_string"}}],"inLanguage":"es"}]}},"_links":{"self":[{"href":"https:\/\/construccionscontreras1945.cat\/es\/wp-json\/wp\/v2\/pages\/5212","targetHints":{"allow":["GET"]}}],"collection":[{"href":"https:\/\/construccionscontreras1945.cat\/es\/wp-json\/wp\/v2\/pages"}],"about":[{"href":"https:\/\/construccionscontreras1945.cat\/es\/wp-json\/wp\/v2\/types\/page"}],"author":[{"embeddable":true,"href":"https:\/\/construccionscontreras1945.cat\/es\/wp-json\/wp\/v2\/users\/1"}],"replies":[{"embeddable":true,"href":"https:\/\/construccionscontreras1945.cat\/es\/wp-json\/wp\/v2\/comments?post=5212"}],"version-history":[{"count":0,"href":"https:\/\/construccionscontreras1945.cat\/es\/wp-json\/wp\/v2\/pages\/5212\/revisions"}],"up":[{"embeddable":true,"href":"https:\/\/construccionscontreras1945.cat\/es\/wp-json\/wp\/v2\/pages\/3508"}],"wp:attachment":[{"href":"https:\/\/construccionscontreras1945.cat\/es\/wp-json\/wp\/v2\/media?parent=5212"}],"curies":[{"name":"wp","href":"https:\/\/api.w.org\/{rel}","templated":true}]}}